{"id":6229,"date":"2023-07-02T17:20:54","date_gmt":"2023-07-02T14:20:54","guid":{"rendered":"https:\/\/rsr.ut.ee\/?page_id=6229"},"modified":"2025-08-31T20:08:41","modified_gmt":"2025-08-31T17:08:41","slug":"ajakirjandus","status":"publish","type":"page","link":"https:\/\/www.rsr.ut.ee\/en\/toogrupid\/ajakirjandus\/","title":{"rendered":"Journalism"},"content":{"rendered":"<div data-elementor-type=\"wp-page\" data-elementor-id=\"6229\" class=\"elementor elementor-6229\" data-elementor-post-type=\"page\">\n\t\t\t\t\t\t<section class=\"elementor-section elementor-top-section elementor-element elementor-element-219168b elementor-section-full_width elementor-section-height-default elementor-section-height-default\" data-id=\"219168b\" data-element_type=\"section\" data-e-type=\"section\">\n\t\t\t\t\t\t<div class=\"elementor-container elementor-column-gap-no\">\n\t\t\t\t\t<div class=\"elementor-column elementor-col-100 elementor-top-column elementor-element elementor-element-80c8b2c\" data-id=\"80c8b2c\" data-element_type=\"column\" data-e-type=\"column\">\n\t\t\t<div class=\"elementor-widget-wrap elementor-element-populated\">\n\t\t\t\t\t\t<div class=\"elementor-element elementor-element-061d751 elementor-widget elementor-widget-spacer\" data-id=\"061d751\" data-element_type=\"widget\" data-e-type=\"widget\" data-widget_type=\"spacer.default\">\n\t\t\t\t<div class=\"elementor-widget-container\">\n\t\t\t\t\t\t\t<div class=\"elementor-spacer\">\n\t\t\t<div class=\"elementor-spacer-inner\"><\/div>\n\t\t<\/div>\n\t\t\t\t\t\t<\/div>\n\t\t\t\t<\/div>\n\t\t\t\t<div class=\"elementor-element elementor-element-62678cb elementor-widget elementor-widget-heading\" data-id=\"62678cb\" data-element_type=\"widget\" data-e-type=\"widget\" data-widget_type=\"heading.default\">\n\t\t\t\t<div class=\"elementor-widget-container\">\n\t\t\t\t\t<h1 class=\"elementor-heading-title elementor-size-default\">Journalism<\/h1>\t\t\t\t<\/div>\n\t\t\t\t<\/div>\n\t\t\t\t<div class=\"elementor-element elementor-element-0c1ca33 elementor-widget elementor-widget-heading\" data-id=\"0c1ca33\" data-element_type=\"widget\" data-e-type=\"widget\" data-widget_type=\"heading.default\">\n\t\t\t\t<div class=\"elementor-widget-container\">\n\t\t\t\t\t<h2 class=\"elementor-heading-title elementor-size-default\">Ajakirjanduse grupp toob meediaveergudele noorte h\u00e4\u00e4le v\u00e4lispoliitikast.<\/h2>\t\t\t\t<\/div>\n\t\t\t\t<\/div>\n\t\t\t\t<div class=\"elementor-element elementor-element-8caf953 elementor-widget elementor-widget-spacer\" data-id=\"8caf953\" data-element_type=\"widget\" data-e-type=\"widget\" data-widget_type=\"spacer.default\">\n\t\t\t\t<div class=\"elementor-widget-container\">\n\t\t\t\t\t\t\t<div class=\"elementor-spacer\">\n\t\t\t<div class=\"elementor-spacer-inner\"><\/div>\n\t\t<\/div>\n\t\t\t\t\t\t<\/div>\n\t\t\t\t<\/div>\n\t\t\t\t<div class=\"elementor-element elementor-element-8d89179 elementor-hidden-tablet elementor-hidden-mobile elementor-widget elementor-widget-spacer\" data-id=\"8d89179\" data-element_type=\"widget\" data-e-type=\"widget\" data-widget_type=\"spacer.default\">\n\t\t\t\t<div class=\"elementor-widget-container\">\n\t\t\t\t\t\t\t<div class=\"elementor-spacer\">\n\t\t\t<div class=\"elementor-spacer-inner\"><\/div>\n\t\t<\/div>\n\t\t\t\t\t\t<\/div>\n\t\t\t\t<\/div>\n\t\t\t\t\t<\/div>\n\t\t<\/div>\n\t\t\t\t\t<\/div>\n\t\t<\/section>\n\t\t\t\t<section class=\"elementor-section elementor-top-section elementor-element elementor-element-9c6dfd2 elementor-section-full_width elementor-section-height-min-height elementor-section-height-default elementor-section-items-middle\" data-id=\"9c6dfd2\" data-element_type=\"section\" data-e-type=\"section\" data-settings=\"{&quot;background_background&quot;:&quot;classic&quot;}\">\n\t\t\t\t\t\t<div class=\"elementor-container elementor-column-gap-no\">\n\t\t\t\t\t<div class=\"elementor-column elementor-col-100 elementor-top-column elementor-element elementor-element-531d3ab\" data-id=\"531d3ab\" data-element_type=\"column\" data-e-type=\"column\">\n\t\t\t<div class=\"elementor-widget-wrap elementor-element-populated\">\n\t\t\t\t\t\t<div class=\"elementor-element elementor-element-85906c5 elementor-widget elementor-widget-image\" data-id=\"85906c5\" data-element_type=\"widget\" data-e-type=\"widget\" data-widget_type=\"image.default\">\n\t\t\t\t<div class=\"elementor-widget-container\">\n\t\t\t\t\t\t\t\t\t\t\t\t\t\t\t<img fetchpriority=\"high\" decoding=\"async\" width=\"1024\" height=\"683\" src=\"https:\/\/www.rsr.ut.ee\/wp-content\/uploads\/2025\/08\/IMG_5128-1024x683.jpg\" class=\"attachment-large size-large wp-image-15099\" alt=\"\" srcset=\"https:\/\/www.rsr.ut.ee\/wp-content\/uploads\/2025\/08\/IMG_5128-1024x683.jpg 1024w, https:\/\/www.rsr.ut.ee\/wp-content\/uploads\/2025\/08\/IMG_5128-300x200.jpg 300w, https:\/\/www.rsr.ut.ee\/wp-content\/uploads\/2025\/08\/IMG_5128-768x512.jpg 768w, https:\/\/www.rsr.ut.ee\/wp-content\/uploads\/2025\/08\/IMG_5128-1536x1024.jpg 1536w, https:\/\/www.rsr.ut.ee\/wp-content\/uploads\/2025\/08\/IMG_5128-2048x1365.jpg 2048w\" sizes=\"(max-width: 1024px) 100vw, 1024px\" \/>\t\t\t\t\t\t\t\t\t\t\t\t\t\t\t<\/div>\n\t\t\t\t<\/div>\n\t\t\t\t<div class=\"elementor-element elementor-element-c991014 elementor-widget elementor-widget-spacer\" data-id=\"c991014\" data-element_type=\"widget\" data-e-type=\"widget\" data-widget_type=\"spacer.default\">\n\t\t\t\t<div class=\"elementor-widget-container\">\n\t\t\t\t\t\t\t<div class=\"elementor-spacer\">\n\t\t\t<div class=\"elementor-spacer-inner\"><\/div>\n\t\t<\/div>\n\t\t\t\t\t\t<\/div>\n\t\t\t\t<\/div>\n\t\t\t\t<div class=\"elementor-element elementor-element-c53745e elementor-widget__width-initial elementor-widget elementor-widget-text-editor\" data-id=\"c53745e\" data-element_type=\"widget\" data-e-type=\"widget\" data-widget_type=\"text-editor.default\">\n\t\t\t\t<div class=\"elementor-widget-container\">\n\t\t\t\t\t\t\t\t\t<p><span style=\"color: #000000;\">Ajakirjanduse grupp koondab abstraktse m\u00f5tlemisega noori, kes krabistavad arvamusartikleid v\u00e4lispoliitilistel teemadel, mida meediapildis tihtipeale ei kajastata. Seisame kiivalt selle eest, et noorte h\u00e4\u00e4l oleks meediamaastikul tugevamalt esindatud ning tudengite arvamused v\u00e4lispoliitikast j\u00f5uaksid laiema publikuni, kujundades seel\u00e4bi teadlikumat ja mitmekesisemat avalikku arutelu.<\/span><\/p><p><span style=\"color: #000000;\">Alates 2024 kevadest teeb RSR koost\u00f6\u00f6d Eesti juhtiva v\u00e4lispoliitika v\u00e4ljaandega, Rahvusvahelise Kaitseuuringute Keskuse v\u00e4ljaantava Diplomaatiaga. Iga kuu avaldub \u00fcks RSRi anal\u00fc\u00fcs, kommentaar v\u00f5i arvustus. Diplomaatias avaldatud RSRi t\u00f6id saab lugeda <a style=\"color: #000000;\" href=\"https:\/\/diplomaatia.ee\/autor\/rahvusvaheliste-suhete-ring\/\"><span style=\"text-decoration: underline;\"><strong>siit<\/strong><\/span><\/a>.<\/span><\/p><p><span style=\"color: #000000;\">2023. aasta s\u00fcgisel sai alguse koost\u00f6\u00f6 Postimehe v\u00e4lisuudiste toimetusega. Esmalt keskendusid artiklid Euroopa Parlamendi 2024. aasta valimistele, kuid n\u00fc\u00fcdseks on koost\u00f6\u00f6st kujunenud platvorm, kus kostub noorte arvamus aktuaalsetest v\u00e4lispoliitika teemadest.<\/span><\/p>\t\t\t\t\t\t\t\t<\/div>\n\t\t\t\t<\/div>\n\t\t\t\t\t<\/div>\n\t\t<\/div>\n\t\t\t\t\t<\/div>\n\t\t<\/section>\n\t\t\t\t<section class=\"elementor-section elementor-top-section elementor-element elementor-element-335a80e elementor-section-full_width elementor-section-height-default elementor-section-height-default\" data-id=\"335a80e\" data-element_type=\"section\" data-e-type=\"section\" data-settings=\"{&quot;background_background&quot;:&quot;classic&quot;}\">\n\t\t\t\t\t\t<div class=\"elementor-container elementor-column-gap-no\">\n\t\t\t\t\t<div class=\"elementor-column elementor-col-50 elementor-top-column elementor-element elementor-element-3fc10d7\" data-id=\"3fc10d7\" data-element_type=\"column\" data-e-type=\"column\">\n\t\t\t<div class=\"elementor-widget-wrap elementor-element-populated\">\n\t\t\t\t\t\t<div class=\"elementor-element elementor-element-302ca6b elementor-widget__width-initial elementor-widget elementor-widget-heading\" data-id=\"302ca6b\" data-element_type=\"widget\" data-e-type=\"widget\" data-widget_type=\"heading.default\">\n\t\t\t\t<div class=\"elementor-widget-container\">\n\t\t\t\t\t<h2 class=\"elementor-heading-title elementor-size-default\">Ajakirjandus ajaloos<\/h2>\t\t\t\t<\/div>\n\t\t\t\t<\/div>\n\t\t\t\t<div class=\"elementor-element elementor-element-f6bcae2 elementor-widget elementor-widget-spacer\" data-id=\"f6bcae2\" data-element_type=\"widget\" data-e-type=\"widget\" data-widget_type=\"spacer.default\">\n\t\t\t\t<div class=\"elementor-widget-container\">\n\t\t\t\t\t\t\t<div class=\"elementor-spacer\">\n\t\t\t<div class=\"elementor-spacer-inner\"><\/div>\n\t\t<\/div>\n\t\t\t\t\t\t<\/div>\n\t\t\t\t<\/div>\n\t\t\t\t<div class=\"elementor-element elementor-element-ca4214c elementor-widget elementor-widget-text-editor\" data-id=\"ca4214c\" data-element_type=\"widget\" data-e-type=\"widget\" data-widget_type=\"text-editor.default\">\n\t\t\t\t<div class=\"elementor-widget-container\">\n\t\t\t\t\t\t\t\t\t<p><span style=\"color: #000000;\"><span style=\"font-weight: 400;\">Varasemat on RSR kirjutanud ka Eesti P\u00e4evalehte ja Infos\u00f5lme. 2014-2018 oli M\u00fc\u00fcrilehes RSRi veerg, mis kandis nime Emaj\u00f5e Saadik, artikleid saab lugeda <\/span><span style=\"text-decoration: underline;\"><strong><a style=\"color: #000000; text-decoration: underline;\" href=\"https:\/\/www.muurileht.ee\/post_author\/emajoe-saadik\/\">siit<\/a><\/strong><\/span><span style=\"font-weight: 400;\">.\u00a0<\/span><\/span><\/p><p><span style=\"font-weight: 400; color: #000000;\">2004 kuni 2017 andis RSR iga-aastaselt v\u00e4lja parima v\u00e4lispoliitilise kirjutaja auhinda.\u00a0<\/span><\/p><p><br style=\"font-weight: 400;\" \/><br style=\"font-weight: 400;\" \/><br \/><\/p>\t\t\t\t\t\t\t\t<\/div>\n\t\t\t\t<\/div>\n\t\t\t\t\t<\/div>\n\t\t<\/div>\n\t\t\t\t<div class=\"elementor-column elementor-col-50 elementor-top-column elementor-element elementor-element-161fdbc\" data-id=\"161fdbc\" data-element_type=\"column\" data-e-type=\"column\">\n\t\t\t<div class=\"elementor-widget-wrap elementor-element-populated\">\n\t\t\t\t\t\t<div class=\"elementor-element elementor-element-4e7d401 elementor-hidden-mobile elementor-widget elementor-widget-image\" data-id=\"4e7d401\" data-element_type=\"widget\" data-e-type=\"widget\" data-widget_type=\"image.default\">\n\t\t\t\t<div class=\"elementor-widget-container\">\n\t\t\t\t\t\t\t\t\t\t\t\t\t\t\t<img decoding=\"async\" width=\"500\" height=\"375\" src=\"https:\/\/www.rsr.ut.ee\/wp-content\/uploads\/2025\/08\/image238.jpg\" class=\"attachment-large size-large wp-image-15100\" alt=\"\" srcset=\"https:\/\/www.rsr.ut.ee\/wp-content\/uploads\/2025\/08\/image238.jpg 500w, https:\/\/www.rsr.ut.ee\/wp-content\/uploads\/2025\/08\/image238-300x225.jpg 300w\" sizes=\"(max-width: 500px) 100vw, 500px\" \/>\t\t\t\t\t\t\t\t\t\t\t\t\t\t\t<\/div>\n\t\t\t\t<\/div>\n\t\t\t\t\t<\/div>\n\t\t<\/div>\n\t\t\t\t\t<\/div>\n\t\t<\/section>\n\t\t\t\t<section class=\"elementor-section elementor-top-section elementor-element elementor-element-dd1488a elementor-section-full_width elementor-hidden-tablet elementor-hidden-mobile elementor-section-height-default elementor-section-height-default\" data-id=\"dd1488a\" data-element_type=\"section\" data-e-type=\"section\" data-settings=\"{&quot;background_background&quot;:&quot;classic&quot;}\">\n\t\t\t\t\t\t<div class=\"elementor-container elementor-column-gap-no\">\n\t\t\t\t\t<div class=\"elementor-column elementor-col-100 elementor-top-column elementor-element elementor-element-7dbc64d\" data-id=\"7dbc64d\" data-element_type=\"column\" data-e-type=\"column\">\n\t\t\t<div class=\"elementor-widget-wrap elementor-element-populated\">\n\t\t\t\t\t\t<div class=\"elementor-element elementor-element-734b3c1 elementor-widget elementor-widget-spacer\" data-id=\"734b3c1\" data-element_type=\"widget\" data-e-type=\"widget\" data-widget_type=\"spacer.default\">\n\t\t\t\t<div class=\"elementor-widget-container\">\n\t\t\t\t\t\t\t<div class=\"elementor-spacer\">\n\t\t\t<div class=\"elementor-spacer-inner\"><\/div>\n\t\t<\/div>\n\t\t\t\t\t\t<\/div>\n\t\t\t\t<\/div>\n\t\t\t\t\t<\/div>\n\t\t<\/div>\n\t\t\t\t\t<\/div>\n\t\t<\/section>\n\t\t\t\t<section class=\"elementor-section elementor-top-section elementor-element elementor-element-e12f39e elementor-section-full_width elementor-hidden-desktop elementor-section-height-default elementor-section-height-default\" data-id=\"e12f39e\" data-element_type=\"section\" data-e-type=\"section\" data-settings=\"{&quot;background_background&quot;:&quot;classic&quot;}\">\n\t\t\t\t\t\t<div class=\"elementor-container elementor-column-gap-no\">\n\t\t\t\t\t<div class=\"elementor-column elementor-col-100 elementor-top-column elementor-element elementor-element-e4aaac0\" data-id=\"e4aaac0\" data-element_type=\"column\" data-e-type=\"column\">\n\t\t\t<div class=\"elementor-widget-wrap\">\n\t\t\t\t\t\t\t<\/div>\n\t\t<\/div>\n\t\t\t\t\t<\/div>\n\t\t<\/section>\n\t\t\t\t<section class=\"elementor-section elementor-top-section elementor-element elementor-element-223fad1 elementor-section-boxed elementor-section-height-default elementor-section-height-default\" data-id=\"223fad1\" data-element_type=\"section\" data-e-type=\"section\">\n\t\t\t\t\t\t<div class=\"elementor-container elementor-column-gap-default\">\n\t\t\t\t\t<div class=\"elementor-column elementor-col-100 elementor-top-column elementor-element elementor-element-6d90cd4\" data-id=\"6d90cd4\" data-element_type=\"column\" data-e-type=\"column\">\n\t\t\t<div class=\"elementor-widget-wrap\">\n\t\t\t\t\t\t\t<\/div>\n\t\t<\/div>\n\t\t\t\t\t<\/div>\n\t\t<\/section>\n\t\t\t\t<\/div>","protected":false},"excerpt":{"rendered":"<p>Ajakirjandus Ajakirjanduse grupp toob meediaveergudele noorte h\u00e4\u00e4le v\u00e4lispoliitikast. Ajakirjanduse grupp koondab abstraktse m\u00f5tlemisega noori, kes krabistavad arvamusartikleid v\u00e4lispoliitilistel teemadel, mida meediapildis tihtipeale ei kajastata. Seisame kiivalt selle eest, et noorte h\u00e4\u00e4l oleks meediamaastikul tugevamalt esindatud ning tudengite arvamused v\u00e4lispoliitikast j\u00f5uaksid laiema publikuni, kujundades seel\u00e4bi teadlikumat ja mitmekesisemat avalikku arutelu. Alates 2024 kevadest teeb RSR koost\u00f6\u00f6d [&hellip;]<\/p>\n","protected":false},"author":3,"featured_media":0,"parent":3340,"menu_order":0,"comment_status":"closed","ping_status":"closed","template":"","meta":{"site-sidebar-layout":"no-sidebar","site-content-layout":"page-builder","ast-site-content-layout":"","site-content-style":"default","site-sidebar-style":"default","ast-global-header-display":"","ast-banner-title-visibility":"","ast-main-header-display":"","ast-hfb-above-header-display":"","ast-hfb-below-header-display":"","ast-hfb-mobile-header-display":"","site-post-title":"disabled","ast-breadcrumbs-content":"","ast-featured-img":"disabled","footer-sml-layout":"","theme-transparent-header-meta":"","adv-header-id-meta":"","stick-header-meta":"","header-above-stick-meta":"","header-main-stick-meta":"","header-below-stick-meta":"","astra-migrate-meta-layouts":"default","ast-page-background-enabled":"default","ast-page-background-meta":{"desktop":{"background-color":"","background-image":"","background-repeat":"repeat","background-position":"center center","background-size":"auto","background-attachment":"scroll","background-type":"","background-media":"","overlay-type":"","overlay-color":"","overlay-opacity":"","overlay-gradient":""},"tablet":{"background-color":"","background-image":"","background-repeat":"repeat","background-position":"center center","background-size":"auto","background-attachment":"scroll","background-type":"","background-media":"","overlay-type":"","overlay-color":"","overlay-opacity":"","overlay-gradient":""},"mobile":{"background-color":"","background-image":"","background-repeat":"repeat","background-position":"center center","background-size":"auto","background-attachment":"scroll","background-type":"","background-media":"","overlay-type":"","overlay-color":"","overlay-opacity":"","overlay-gradient":""}},"ast-content-background-meta":{"desktop":{"background-color":"var(--ast-global-color-5)","background-image":"","background-repeat":"repeat","background-position":"center center","background-size":"auto","background-attachment":"scroll","background-type":"","background-media":"","overlay-type":"","overlay-color":"","overlay-opacity":"","overlay-gradient":""},"tablet":{"background-color":"var(--ast-global-color-5)","background-image":"","background-repeat":"repeat","background-position":"center center","background-size":"auto","background-attachment":"scroll","background-type":"","background-media":"","overlay-type":"","overlay-color":"","overlay-opacity":"","overlay-gradient":""},"mobile":{"background-color":"var(--ast-global-color-5)","background-image":"","background-repeat":"repeat","background-position":"center center","background-size":"auto","background-attachment":"scroll","background-type":"","background-media":"","overlay-type":"","overlay-color":"","overlay-opacity":"","overlay-gradient":""}},"footnotes":""},"class_list":["post-6229","page","type-page","status-publish","hentry"],"_links":{"self":[{"href":"https:\/\/www.rsr.ut.ee\/en\/wp-json\/wp\/v2\/pages\/6229","targetHints":{"allow":["GET"]}}],"collection":[{"href":"https:\/\/www.rsr.ut.ee\/en\/wp-json\/wp\/v2\/pages"}],"about":[{"href":"https:\/\/www.rsr.ut.ee\/en\/wp-json\/wp\/v2\/types\/page"}],"author":[{"embeddable":true,"href":"https:\/\/www.rsr.ut.ee\/en\/wp-json\/wp\/v2\/users\/3"}],"replies":[{"embeddable":true,"href":"https:\/\/www.rsr.ut.ee\/en\/wp-json\/wp\/v2\/comments?post=6229"}],"version-history":[{"count":12,"href":"https:\/\/www.rsr.ut.ee\/en\/wp-json\/wp\/v2\/pages\/6229\/revisions"}],"predecessor-version":[{"id":15268,"href":"https:\/\/www.rsr.ut.ee\/en\/wp-json\/wp\/v2\/pages\/6229\/revisions\/15268"}],"up":[{"embeddable":true,"href":"https:\/\/www.rsr.ut.ee\/en\/wp-json\/wp\/v2\/pages\/3340"}],"wp:attachment":[{"href":"https:\/\/www.rsr.ut.ee\/en\/wp-json\/wp\/v2\/media?parent=6229"}],"curies":[{"name":"wp","href":"https:\/\/api.w.org\/{rel}","templated":true}]}}