{"id":5784,"date":"2023-07-01T03:05:01","date_gmt":"2023-07-01T00:05:01","guid":{"rendered":"https:\/\/rsr.ut.ee\/loengud\/2023a-2\/"},"modified":"2023-08-31T21:00:01","modified_gmt":"2023-08-31T18:00:01","slug":"2022a","status":"publish","type":"page","link":"https:\/\/www.rsr.ut.ee\/en\/loengud\/2022a\/","title":{"rendered":"2022a"},"content":{"rendered":"<div data-elementor-type=\"wp-page\" data-elementor-id=\"5784\" class=\"elementor elementor-5784\" data-elementor-post-type=\"page\">\n\t\t\t\t\t\t<section class=\"elementor-section elementor-top-section elementor-element elementor-element-c0e3962 elementor-section-full_width elementor-section-height-default elementor-section-height-default\" data-id=\"c0e3962\" data-element_type=\"section\" data-e-type=\"section\">\n\t\t\t\t\t\t<div class=\"elementor-container elementor-column-gap-no\">\n\t\t\t\t\t<div class=\"elementor-column elementor-col-100 elementor-top-column elementor-element elementor-element-7c6cc7a\" data-id=\"7c6cc7a\" data-element_type=\"column\" data-e-type=\"column\">\n\t\t\t<div class=\"elementor-widget-wrap elementor-element-populated\">\n\t\t\t\t\t\t<div class=\"elementor-element elementor-element-ec69d5b elementor-widget elementor-widget-spacer\" data-id=\"ec69d5b\" data-element_type=\"widget\" data-e-type=\"widget\" data-widget_type=\"spacer.default\">\n\t\t\t\t<div class=\"elementor-widget-container\">\n\t\t\t\t\t\t\t<div class=\"elementor-spacer\">\n\t\t\t<div class=\"elementor-spacer-inner\"><\/div>\n\t\t<\/div>\n\t\t\t\t\t\t<\/div>\n\t\t\t\t<\/div>\n\t\t\t\t<div class=\"elementor-element elementor-element-2725eb0 elementor-widget-divider--view-line elementor-widget elementor-widget-divider\" data-id=\"2725eb0\" data-element_type=\"widget\" data-e-type=\"widget\" data-widget_type=\"divider.default\">\n\t\t\t\t<div class=\"elementor-widget-container\">\n\t\t\t\t\t\t\t<div class=\"elementor-divider\">\n\t\t\t<span class=\"elementor-divider-separator\">\n\t\t\t\t\t\t<\/span>\n\t\t<\/div>\n\t\t\t\t\t\t<\/div>\n\t\t\t\t<\/div>\n\t\t\t\t\t<\/div>\n\t\t<\/div>\n\t\t\t\t\t<\/div>\n\t\t<\/section>\n\t\t\t\t<section class=\"elementor-section elementor-top-section elementor-element elementor-element-f9a7f85 elementor-section-full_width elementor-section-height-default elementor-section-height-default\" data-id=\"f9a7f85\" data-element_type=\"section\" data-e-type=\"section\">\n\t\t\t\t\t\t<div class=\"elementor-container elementor-column-gap-no\">\n\t\t\t\t\t<div class=\"elementor-column elementor-col-100 elementor-top-column elementor-element elementor-element-a457741\" data-id=\"a457741\" data-element_type=\"column\" data-e-type=\"column\">\n\t\t\t<div class=\"elementor-widget-wrap elementor-element-populated\">\n\t\t\t\t\t\t<div class=\"elementor-element elementor-element-9d70094 elementor-widget elementor-widget-heading\" data-id=\"9d70094\" data-element_type=\"widget\" data-e-type=\"widget\" data-widget_type=\"heading.default\">\n\t\t\t\t<div class=\"elementor-widget-container\">\n\t\t\t\t\t<h2 class=\"elementor-heading-title elementor-size-default\">2022<\/h2>\t\t\t\t<\/div>\n\t\t\t\t<\/div>\n\t\t\t\t\t<\/div>\n\t\t<\/div>\n\t\t\t\t\t<\/div>\n\t\t<\/section>\n\t\t\t\t<section class=\"elementor-section elementor-top-section elementor-element elementor-element-ff13774 elementor-section-full_width elementor-section-height-default elementor-section-height-default\" data-id=\"ff13774\" data-element_type=\"section\" data-e-type=\"section\">\n\t\t\t\t\t\t<div class=\"elementor-container elementor-column-gap-no\">\n\t\t\t\t\t<div class=\"elementor-column elementor-col-100 elementor-top-column elementor-element elementor-element-793bf83\" data-id=\"793bf83\" data-element_type=\"column\" data-e-type=\"column\">\n\t\t\t<div class=\"elementor-widget-wrap elementor-element-populated\">\n\t\t\t\t\t\t<div class=\"elementor-element elementor-element-5e02ccd elementor-widget-divider--view-line elementor-widget elementor-widget-divider\" data-id=\"5e02ccd\" data-element_type=\"widget\" data-e-type=\"widget\" data-widget_type=\"divider.default\">\n\t\t\t\t<div class=\"elementor-widget-container\">\n\t\t\t\t\t\t\t<div class=\"elementor-divider\">\n\t\t\t<span class=\"elementor-divider-separator\">\n\t\t\t\t\t\t<\/span>\n\t\t<\/div>\n\t\t\t\t\t\t<\/div>\n\t\t\t\t<\/div>\n\t\t\t\t<div class=\"elementor-element elementor-element-55c7547 elementor-widget elementor-widget-spacer\" data-id=\"55c7547\" data-element_type=\"widget\" data-e-type=\"widget\" data-widget_type=\"spacer.default\">\n\t\t\t\t<div class=\"elementor-widget-container\">\n\t\t\t\t\t\t\t<div class=\"elementor-spacer\">\n\t\t\t<div class=\"elementor-spacer-inner\"><\/div>\n\t\t<\/div>\n\t\t\t\t\t\t<\/div>\n\t\t\t\t<\/div>\n\t\t\t\t\t<\/div>\n\t\t<\/div>\n\t\t\t\t\t<\/div>\n\t\t<\/section>\n\t\t\t\t<section class=\"elementor-section elementor-top-section elementor-element elementor-element-1342dfc elementor-section-full_width elementor-section-height-default elementor-section-height-default\" data-id=\"1342dfc\" data-element_type=\"section\" data-e-type=\"section\">\n\t\t\t\t\t\t<div class=\"elementor-container elementor-column-gap-no\">\n\t\t\t\t\t<div class=\"elementor-column elementor-col-100 elementor-top-column elementor-element elementor-element-e577494\" data-id=\"e577494\" data-element_type=\"column\" data-e-type=\"column\">\n\t\t\t<div class=\"elementor-widget-wrap elementor-element-populated\">\n\t\t\t\t\t\t<section class=\"elementor-section elementor-inner-section elementor-element elementor-element-b161f53 elementor-section-full_width elementor-section-height-default elementor-section-height-default\" data-id=\"b161f53\" data-element_type=\"section\" data-e-type=\"section\" data-settings=\"{&quot;background_background&quot;:&quot;classic&quot;}\">\n\t\t\t\t\t\t<div class=\"elementor-container elementor-column-gap-no\">\n\t\t\t\t\t<div class=\"elementor-column elementor-col-100 elementor-inner-column elementor-element elementor-element-fd1f10e\" data-id=\"fd1f10e\" data-element_type=\"column\" data-e-type=\"column\">\n\t\t\t<div class=\"elementor-widget-wrap elementor-element-populated\">\n\t\t\t\t\t\t<div class=\"elementor-element elementor-element-af30b85 elementor-grid-1 elementor-posts--thumbnail-left elementor-posts--align-left elementor-grid-tablet-2 elementor-grid-mobile-1 elementor-widget elementor-widget-posts\" data-id=\"af30b85\" data-element_type=\"widget\" data-e-type=\"widget\" data-settings=\"{&quot;classic_columns&quot;:&quot;1&quot;,&quot;classic_row_gap&quot;:{&quot;unit&quot;:&quot;px&quot;,&quot;size&quot;:15,&quot;sizes&quot;:[]},&quot;pagination_type&quot;:&quot;numbers_and_prev_next&quot;,&quot;classic_columns_tablet&quot;:&quot;2&quot;,&quot;classic_columns_mobile&quot;:&quot;1&quot;,&quot;classic_row_gap_tablet&quot;:{&quot;unit&quot;:&quot;px&quot;,&quot;size&quot;:&quot;&quot;,&quot;sizes&quot;:[]},&quot;classic_row_gap_mobile&quot;:{&quot;unit&quot;:&quot;px&quot;,&quot;size&quot;:&quot;&quot;,&quot;sizes&quot;:[]}}\" data-widget_type=\"posts.classic\">\n\t\t\t\t<div class=\"elementor-widget-container\">\n\t\t\t\t\t\t\t<div class=\"elementor-posts-container elementor-posts elementor-posts--skin-classic elementor-grid\" role=\"list\">\n\t\t\t\t<article class=\"elementor-post elementor-grid-item post-2896 post type-post status-publish format-standard has-post-thumbnail hentry category-loengud category-67\" role=\"listitem\">\n\t\t\t\t<a class=\"elementor-post__thumbnail__link\" href=\"https:\/\/www.rsr.ut.ee\/en\/loengud\/2022\/jaak-markus-maamets-usa-diplomaatiline-esindus-balti-riikides-1922-1940-ja-nsvli-tunnustamisprotsess\/\" tabindex=\"-1\" >\n\t\t\t<div class=\"elementor-post__thumbnail\"><img fetchpriority=\"high\" decoding=\"async\" width=\"1920\" height=\"1080\" src=\"https:\/\/www.rsr.ut.ee\/wp-content\/uploads\/2022\/11\/20.09_Maamets.png\" class=\"attachment-full size-full wp-image-2897\" alt=\"\" srcset=\"https:\/\/www.rsr.ut.ee\/wp-content\/uploads\/2022\/11\/20.09_Maamets.png 1920w, https:\/\/www.rsr.ut.ee\/wp-content\/uploads\/2022\/11\/20.09_Maamets-300x169.png 300w, https:\/\/www.rsr.ut.ee\/wp-content\/uploads\/2022\/11\/20.09_Maamets-1024x576.png 1024w, https:\/\/www.rsr.ut.ee\/wp-content\/uploads\/2022\/11\/20.09_Maamets-768x432.png 768w, https:\/\/www.rsr.ut.ee\/wp-content\/uploads\/2022\/11\/20.09_Maamets-1536x864.png 1536w, https:\/\/www.rsr.ut.ee\/wp-content\/uploads\/2022\/11\/20.09_Maamets-18x10.png 18w\" sizes=\"(max-width: 1920px) 100vw, 1920px\" \/><\/div>\n\t\t<\/a>\n\t\t\t\t<div class=\"elementor-post__text\">\n\t\t\t\t<h3 class=\"elementor-post__title\">\n\t\t\t<a href=\"https:\/\/www.rsr.ut.ee\/en\/loengud\/2022\/jaak-markus-maamets-usa-diplomaatiline-esindus-balti-riikides-1922-1940-ja-nsvli-tunnustamisprotsess\/\" >\n\t\t\t\tUSA diplomaatiline esindus Balti riikides 1922-1940 ja NSVLi tunnustamisprotsess\t\t\t<\/a>\n\t\t<\/h3>\n\t\t\t\t<\/div>\n\t\t\t\t<\/article>\n\t\t\t\t<article class=\"elementor-post elementor-grid-item post-2893 post type-post status-publish format-standard has-post-thumbnail hentry category-loengud category-67\" role=\"listitem\">\n\t\t\t\t<a class=\"elementor-post__thumbnail__link\" href=\"https:\/\/www.rsr.ut.ee\/en\/loengud\/2022\/pandeemiad-uus-reaalsus\/\" tabindex=\"-1\" >\n\t\t\t<div class=\"elementor-post__thumbnail\"><img decoding=\"async\" width=\"1920\" height=\"1080\" src=\"https:\/\/www.rsr.ut.ee\/wp-content\/uploads\/2022\/11\/15.11_Altmets.png\" class=\"attachment-full size-full wp-image-2894\" alt=\"\" srcset=\"https:\/\/www.rsr.ut.ee\/wp-content\/uploads\/2022\/11\/15.11_Altmets.png 1920w, https:\/\/www.rsr.ut.ee\/wp-content\/uploads\/2022\/11\/15.11_Altmets-300x169.png 300w, https:\/\/www.rsr.ut.ee\/wp-content\/uploads\/2022\/11\/15.11_Altmets-1024x576.png 1024w, https:\/\/www.rsr.ut.ee\/wp-content\/uploads\/2022\/11\/15.11_Altmets-768x432.png 768w, https:\/\/www.rsr.ut.ee\/wp-content\/uploads\/2022\/11\/15.11_Altmets-1536x864.png 1536w, https:\/\/www.rsr.ut.ee\/wp-content\/uploads\/2022\/11\/15.11_Altmets-18x10.png 18w\" sizes=\"(max-width: 1920px) 100vw, 1920px\" \/><\/div>\n\t\t<\/a>\n\t\t\t\t<div class=\"elementor-post__text\">\n\t\t\t\t<h3 class=\"elementor-post__title\">\n\t\t\t<a href=\"https:\/\/www.rsr.ut.ee\/en\/loengud\/2022\/pandeemiad-uus-reaalsus\/\" >\n\t\t\t\tPandeemiad &#8211; uus reaalsus?\t\t\t<\/a>\n\t\t<\/h3>\n\t\t\t\t<\/div>\n\t\t\t\t<\/article>\n\t\t\t\t<article class=\"elementor-post elementor-grid-item post-2886 post type-post status-publish format-standard has-post-thumbnail hentry category-loengud category-67\" role=\"listitem\">\n\t\t\t\t<a class=\"elementor-post__thumbnail__link\" href=\"https:\/\/www.rsr.ut.ee\/en\/loengud\/2022\/kuidas-muutub-riikide-suurus-jargmise-100-aasta-kestel-06-09-2022\/\" tabindex=\"-1\" >\n\t\t\t<div class=\"elementor-post__thumbnail\"><img decoding=\"async\" width=\"1920\" height=\"1080\" src=\"https:\/\/www.rsr.ut.ee\/wp-content\/uploads\/2022\/11\/06.09_Taagepera.png\" class=\"attachment-full size-full wp-image-2887\" alt=\"\" srcset=\"https:\/\/www.rsr.ut.ee\/wp-content\/uploads\/2022\/11\/06.09_Taagepera.png 1920w, https:\/\/www.rsr.ut.ee\/wp-content\/uploads\/2022\/11\/06.09_Taagepera-300x169.png 300w, https:\/\/www.rsr.ut.ee\/wp-content\/uploads\/2022\/11\/06.09_Taagepera-1024x576.png 1024w, https:\/\/www.rsr.ut.ee\/wp-content\/uploads\/2022\/11\/06.09_Taagepera-768x432.png 768w, https:\/\/www.rsr.ut.ee\/wp-content\/uploads\/2022\/11\/06.09_Taagepera-1536x864.png 1536w, https:\/\/www.rsr.ut.ee\/wp-content\/uploads\/2022\/11\/06.09_Taagepera-18x10.png 18w\" sizes=\"(max-width: 1920px) 100vw, 1920px\" \/><\/div>\n\t\t<\/a>\n\t\t\t\t<div class=\"elementor-post__text\">\n\t\t\t\t<h3 class=\"elementor-post__title\">\n\t\t\t<a href=\"https:\/\/www.rsr.ut.ee\/en\/loengud\/2022\/kuidas-muutub-riikide-suurus-jargmise-100-aasta-kestel-06-09-2022\/\" >\n\t\t\t\tKuidas muutub riikide suurus j\u00e4rgmise 100 aasta kestel\t\t\t<\/a>\n\t\t<\/h3>\n\t\t\t\t<\/div>\n\t\t\t\t<\/article>\n\t\t\t\t<article class=\"elementor-post elementor-grid-item post-2787 post type-post status-publish format-standard has-post-thumbnail hentry category-67\" role=\"listitem\">\n\t\t\t\t<a class=\"elementor-post__thumbnail__link\" href=\"https:\/\/www.rsr.ut.ee\/en\/loengud\/2022\/2022\/partel-piirimae-kas-puutin-on-hull\/\" tabindex=\"-1\" >\n\t\t\t<div class=\"elementor-post__thumbnail\"><img loading=\"lazy\" decoding=\"async\" width=\"1920\" height=\"1080\" src=\"https:\/\/www.rsr.ut.ee\/wp-content\/uploads\/2022\/07\/12.04_Piirimae_ig-1.png\" class=\"attachment-full size-full wp-image-2780\" alt=\"\" srcset=\"https:\/\/www.rsr.ut.ee\/wp-content\/uploads\/2022\/07\/12.04_Piirimae_ig-1.png 1920w, https:\/\/www.rsr.ut.ee\/wp-content\/uploads\/2022\/07\/12.04_Piirimae_ig-1-300x169.png 300w, https:\/\/www.rsr.ut.ee\/wp-content\/uploads\/2022\/07\/12.04_Piirimae_ig-1-1024x576.png 1024w, https:\/\/www.rsr.ut.ee\/wp-content\/uploads\/2022\/07\/12.04_Piirimae_ig-1-768x432.png 768w, https:\/\/www.rsr.ut.ee\/wp-content\/uploads\/2022\/07\/12.04_Piirimae_ig-1-1536x864.png 1536w, https:\/\/www.rsr.ut.ee\/wp-content\/uploads\/2022\/07\/12.04_Piirimae_ig-1-18x10.png 18w\" sizes=\"(max-width: 1920px) 100vw, 1920px\" \/><\/div>\n\t\t<\/a>\n\t\t\t\t<div class=\"elementor-post__text\">\n\t\t\t\t<h3 class=\"elementor-post__title\">\n\t\t\t<a href=\"https:\/\/www.rsr.ut.ee\/en\/loengud\/2022\/2022\/partel-piirimae-kas-puutin-on-hull\/\" >\n\t\t\t\tP\u00e4rtel Piirim\u00e4e &#8211; Kas puutin on hull?\t\t\t<\/a>\n\t\t<\/h3>\n\t\t\t\t<\/div>\n\t\t\t\t<\/article>\n\t\t\t\t<article class=\"elementor-post elementor-grid-item post-2782 post type-post status-publish format-standard has-post-thumbnail hentry category-67\" role=\"listitem\">\n\t\t\t\t<a class=\"elementor-post__thumbnail__link\" href=\"https:\/\/www.rsr.ut.ee\/en\/loengud\/2022\/2022\/johanna-maarja-tiik-euroopa-kliimapoliitika-valispoliitilises-votmes\/\" tabindex=\"-1\" >\n\t\t\t<div class=\"elementor-post__thumbnail\"><img loading=\"lazy\" decoding=\"async\" width=\"1920\" height=\"1080\" src=\"https:\/\/www.rsr.ut.ee\/wp-content\/uploads\/2022\/07\/29.03_Tiik_ig-1.png\" class=\"attachment-full size-full wp-image-2779\" alt=\"\" srcset=\"https:\/\/www.rsr.ut.ee\/wp-content\/uploads\/2022\/07\/29.03_Tiik_ig-1.png 1920w, https:\/\/www.rsr.ut.ee\/wp-content\/uploads\/2022\/07\/29.03_Tiik_ig-1-300x169.png 300w, https:\/\/www.rsr.ut.ee\/wp-content\/uploads\/2022\/07\/29.03_Tiik_ig-1-1024x576.png 1024w, https:\/\/www.rsr.ut.ee\/wp-content\/uploads\/2022\/07\/29.03_Tiik_ig-1-768x432.png 768w, https:\/\/www.rsr.ut.ee\/wp-content\/uploads\/2022\/07\/29.03_Tiik_ig-1-1536x864.png 1536w, https:\/\/www.rsr.ut.ee\/wp-content\/uploads\/2022\/07\/29.03_Tiik_ig-1-18x10.png 18w\" sizes=\"(max-width: 1920px) 100vw, 1920px\" \/><\/div>\n\t\t<\/a>\n\t\t\t\t<div class=\"elementor-post__text\">\n\t\t\t\t<h3 class=\"elementor-post__title\">\n\t\t\t<a href=\"https:\/\/www.rsr.ut.ee\/en\/loengud\/2022\/2022\/johanna-maarja-tiik-euroopa-kliimapoliitika-valispoliitilises-votmes\/\" >\n\t\t\t\tJohanna Maarja Tiik: Euroopa kliimapoliitika v\u00e4lispoliitilises v\u00f5tmes\t\t\t<\/a>\n\t\t<\/h3>\n\t\t\t\t<\/div>\n\t\t\t\t<\/article>\n\t\t\t\t<article class=\"elementor-post elementor-grid-item post-2777 post type-post status-publish format-standard has-post-thumbnail hentry category-loengud category-67\" role=\"listitem\">\n\t\t\t\t<a class=\"elementor-post__thumbnail__link\" href=\"https:\/\/www.rsr.ut.ee\/en\/loengud\/2022\/ingrid-nielsen-soda-kui-rohepoorde-kiirendaja\/\" tabindex=\"-1\" >\n\t\t\t<div class=\"elementor-post__thumbnail\"><img loading=\"lazy\" decoding=\"async\" width=\"1920\" height=\"1080\" src=\"https:\/\/www.rsr.ut.ee\/wp-content\/uploads\/2022\/07\/22.03_Nielsen-1.png\" class=\"attachment-full size-full wp-image-2778\" alt=\"\" srcset=\"https:\/\/www.rsr.ut.ee\/wp-content\/uploads\/2022\/07\/22.03_Nielsen-1.png 1920w, https:\/\/www.rsr.ut.ee\/wp-content\/uploads\/2022\/07\/22.03_Nielsen-1-300x169.png 300w, https:\/\/www.rsr.ut.ee\/wp-content\/uploads\/2022\/07\/22.03_Nielsen-1-1024x576.png 1024w, https:\/\/www.rsr.ut.ee\/wp-content\/uploads\/2022\/07\/22.03_Nielsen-1-768x432.png 768w, https:\/\/www.rsr.ut.ee\/wp-content\/uploads\/2022\/07\/22.03_Nielsen-1-1536x864.png 1536w, https:\/\/www.rsr.ut.ee\/wp-content\/uploads\/2022\/07\/22.03_Nielsen-1-18x10.png 18w\" sizes=\"(max-width: 1920px) 100vw, 1920px\" \/><\/div>\n\t\t<\/a>\n\t\t\t\t<div class=\"elementor-post__text\">\n\t\t\t\t<h3 class=\"elementor-post__title\">\n\t\t\t<a href=\"https:\/\/www.rsr.ut.ee\/en\/loengud\/2022\/ingrid-nielsen-soda-kui-rohepoorde-kiirendaja\/\" >\n\t\t\t\tIngrid Nielsen: S\u00f5da kui rohep\u00f6\u00f6rde kiirendaja\t\t\t<\/a>\n\t\t<\/h3>\n\t\t\t\t<\/div>\n\t\t\t\t<\/article>\n\t\t\t\t<article class=\"elementor-post elementor-grid-item post-2774 post type-post status-publish format-standard has-post-thumbnail hentry category-67\" role=\"listitem\">\n\t\t\t\t<a class=\"elementor-post__thumbnail__link\" href=\"https:\/\/www.rsr.ut.ee\/en\/loengud\/2022\/2022\/lauri-malksoo-warfare-and-lawfare\/\" tabindex=\"-1\" >\n\t\t\t<div class=\"elementor-post__thumbnail\"><img loading=\"lazy\" decoding=\"async\" width=\"1920\" height=\"1080\" src=\"https:\/\/www.rsr.ut.ee\/wp-content\/uploads\/2022\/07\/08.03_Malksoo_ig.png\" class=\"attachment-full size-full wp-image-2775\" alt=\"\" srcset=\"https:\/\/www.rsr.ut.ee\/wp-content\/uploads\/2022\/07\/08.03_Malksoo_ig.png 1920w, https:\/\/www.rsr.ut.ee\/wp-content\/uploads\/2022\/07\/08.03_Malksoo_ig-300x169.png 300w, https:\/\/www.rsr.ut.ee\/wp-content\/uploads\/2022\/07\/08.03_Malksoo_ig-1024x576.png 1024w, https:\/\/www.rsr.ut.ee\/wp-content\/uploads\/2022\/07\/08.03_Malksoo_ig-768x432.png 768w, https:\/\/www.rsr.ut.ee\/wp-content\/uploads\/2022\/07\/08.03_Malksoo_ig-1536x864.png 1536w, https:\/\/www.rsr.ut.ee\/wp-content\/uploads\/2022\/07\/08.03_Malksoo_ig-18x10.png 18w\" sizes=\"(max-width: 1920px) 100vw, 1920px\" \/><\/div>\n\t\t<\/a>\n\t\t\t\t<div class=\"elementor-post__text\">\n\t\t\t\t<h3 class=\"elementor-post__title\">\n\t\t\t<a href=\"https:\/\/www.rsr.ut.ee\/en\/loengud\/2022\/2022\/lauri-malksoo-warfare-and-lawfare\/\" >\n\t\t\t\tLauri M\u00e4lksoo: Warfare and Lawfare\t\t\t<\/a>\n\t\t<\/h3>\n\t\t\t\t<\/div>\n\t\t\t\t<\/article>\n\t\t\t\t<article class=\"elementor-post elementor-grid-item post-2767 post type-post status-publish format-standard has-post-thumbnail hentry category-67\" role=\"listitem\">\n\t\t\t\t<a class=\"elementor-post__thumbnail__link\" href=\"https:\/\/www.rsr.ut.ee\/en\/loengud\/2022\/2022\/rsris-veiko-spolitis-soda-2022-olukorrast-ukrainas\/\" tabindex=\"-1\" >\n\t\t\t<div class=\"elementor-post__thumbnail\"><img loading=\"lazy\" decoding=\"async\" width=\"1920\" height=\"1080\" src=\"https:\/\/www.rsr.ut.ee\/wp-content\/uploads\/2022\/07\/01.03_Spolitis_2.png\" class=\"attachment-full size-full wp-image-2769\" alt=\"\" srcset=\"https:\/\/www.rsr.ut.ee\/wp-content\/uploads\/2022\/07\/01.03_Spolitis_2.png 1920w, https:\/\/www.rsr.ut.ee\/wp-content\/uploads\/2022\/07\/01.03_Spolitis_2-300x169.png 300w, https:\/\/www.rsr.ut.ee\/wp-content\/uploads\/2022\/07\/01.03_Spolitis_2-1024x576.png 1024w, https:\/\/www.rsr.ut.ee\/wp-content\/uploads\/2022\/07\/01.03_Spolitis_2-768x432.png 768w, https:\/\/www.rsr.ut.ee\/wp-content\/uploads\/2022\/07\/01.03_Spolitis_2-1536x864.png 1536w, https:\/\/www.rsr.ut.ee\/wp-content\/uploads\/2022\/07\/01.03_Spolitis_2-18x10.png 18w\" sizes=\"(max-width: 1920px) 100vw, 1920px\" \/><\/div>\n\t\t<\/a>\n\t\t\t\t<div class=\"elementor-post__text\">\n\t\t\t\t<h3 class=\"elementor-post__title\">\n\t\t\t<a href=\"https:\/\/www.rsr.ut.ee\/en\/loengud\/2022\/2022\/rsris-veiko-spolitis-soda-2022-olukorrast-ukrainas\/\" >\n\t\t\t\tRSRis Veiko Spol\u012btis: S\u00f5da 2022. Olukorrast Ukrainas\t\t\t<\/a>\n\t\t<\/h3>\n\t\t\t\t<\/div>\n\t\t\t\t<\/article>\n\t\t\t\t<\/div>\n\t\t\n\t\t\t\t\t\t<\/div>\n\t\t\t\t<\/div>\n\t\t\t\t\t<\/div>\n\t\t<\/div>\n\t\t\t\t\t<\/div>\n\t\t<\/section>\n\t\t\t\t\t<\/div>\n\t\t<\/div>\n\t\t\t\t\t<\/div>\n\t\t<\/section>\n\t\t\t\t<\/div>","protected":false},"excerpt":{"rendered":"","protected":false},"author":3,"featured_media":0,"parent":162,"menu_order":0,"comment_status":"closed","ping_status":"closed","template":"elementor_header_footer","meta":{"site-sidebar-layout":"no-sidebar","site-content-layout":"page-builder","ast-site-content-layout":"","site-content-style":"default","site-sidebar-style":"default","ast-global-header-display":"","ast-banner-title-visibility":"","ast-main-header-display":"","ast-hfb-above-header-display":"","ast-hfb-below-header-display":"","ast-hfb-mobile-header-display":"","site-post-title":"disabled","ast-breadcrumbs-content":"","ast-featured-img":"disabled","footer-sml-layout":"","theme-transparent-header-meta":"","adv-header-id-meta":"","stick-header-meta":"","header-above-stick-meta":"","header-main-stick-meta":"","header-below-stick-meta":"","astra-migrate-meta-layouts":"default","ast-page-background-enabled":"default","ast-page-background-meta":{"desktop":{"background-color":"","background-image":"","background-repeat":"repeat","background-position":"center center","background-size":"auto","background-attachment":"scroll","background-type":"","background-media":"","overlay-type":"","overlay-color":"","overlay-opacity":"","overlay-gradient":""},"tablet":{"background-color":"","background-image":"","background-repeat":"repeat","background-position":"center center","background-size":"auto","background-attachment":"scroll","background-type":"","background-media":"","overlay-type":"","overlay-color":"","overlay-opacity":"","overlay-gradient":""},"mobile":{"background-color":"","background-image":"","background-repeat":"repeat","background-position":"center center","background-size":"auto","background-attachment":"scroll","background-type":"","background-media":"","overlay-type":"","overlay-color":"","overlay-opacity":"","overlay-gradient":""}},"ast-content-background-meta":{"desktop":{"background-color":"var(--ast-global-color-5)","background-image":"","background-repeat":"repeat","background-position":"center center","background-size":"auto","background-attachment":"scroll","background-type":"","background-media":"","overlay-type":"","overlay-color":"","overlay-opacity":"","overlay-gradient":""},"tablet":{"background-color":"var(--ast-global-color-5)","background-image":"","background-repeat":"repeat","background-position":"center center","background-size":"auto","background-attachment":"scroll","background-type":"","background-media":"","overlay-type":"","overlay-color":"","overlay-opacity":"","overlay-gradient":""},"mobile":{"background-color":"var(--ast-global-color-5)","background-image":"","background-repeat":"repeat","background-position":"center center","background-size":"auto","background-attachment":"scroll","background-type":"","background-media":"","overlay-type":"","overlay-color":"","overlay-opacity":"","overlay-gradient":""}},"footnotes":""},"class_list":["post-5784","page","type-page","status-publish","hentry"],"_links":{"self":[{"href":"https:\/\/www.rsr.ut.ee\/en\/wp-json\/wp\/v2\/pages\/5784","targetHints":{"allow":["GET"]}}],"collection":[{"href":"https:\/\/www.rsr.ut.ee\/en\/wp-json\/wp\/v2\/pages"}],"about":[{"href":"https:\/\/www.rsr.ut.ee\/en\/wp-json\/wp\/v2\/types\/page"}],"author":[{"embeddable":true,"href":"https:\/\/www.rsr.ut.ee\/en\/wp-json\/wp\/v2\/users\/3"}],"replies":[{"embeddable":true,"href":"https:\/\/www.rsr.ut.ee\/en\/wp-json\/wp\/v2\/comments?post=5784"}],"version-history":[{"count":0,"href":"https:\/\/www.rsr.ut.ee\/en\/wp-json\/wp\/v2\/pages\/5784\/revisions"}],"up":[{"embeddable":true,"href":"https:\/\/www.rsr.ut.ee\/en\/wp-json\/wp\/v2\/pages\/162"}],"wp:attachment":[{"href":"https:\/\/www.rsr.ut.ee\/en\/wp-json\/wp\/v2\/media?parent=5784"}],"curies":[{"name":"wp","href":"https:\/\/api.w.org\/{rel}","templated":true}]}}