{"id":3338,"date":"2023-06-28T00:34:21","date_gmt":"2023-06-27T21:34:21","guid":{"rendered":"https:\/\/rsr.ut.ee\/?page_id=3338"},"modified":"2025-08-31T19:54:24","modified_gmt":"2025-08-31T16:54:24","slug":"pohikiri","status":"publish","type":"page","link":"https:\/\/www.rsr.ut.ee\/en\/pohikiri\/","title":{"rendered":"The Statute"},"content":{"rendered":"<div data-elementor-type=\"wp-page\" data-elementor-id=\"3338\" class=\"elementor elementor-3338\" data-elementor-post-type=\"page\">\n\t\t\t\t\t\t<section class=\"elementor-section elementor-top-section elementor-element elementor-element-956591d elementor-section-full_width elementor-section-height-default elementor-section-height-default\" data-id=\"956591d\" data-element_type=\"section\" data-e-type=\"section\" data-settings=\"{&quot;background_background&quot;:&quot;classic&quot;}\">\n\t\t\t\t\t\t\t<div class=\"elementor-background-overlay\"><\/div>\n\t\t\t\t\t\t\t<div class=\"elementor-container elementor-column-gap-no\">\n\t\t\t\t\t<div class=\"elementor-column elementor-col-100 elementor-top-column elementor-element elementor-element-90ab886\" data-id=\"90ab886\" data-element_type=\"column\" data-e-type=\"column\" data-settings=\"{&quot;background_background&quot;:&quot;classic&quot;}\">\n\t\t\t<div class=\"elementor-widget-wrap elementor-element-populated\">\n\t\t\t\t\t<div class=\"elementor-background-overlay\"><\/div>\n\t\t\t\t\t\t<div class=\"elementor-element elementor-element-e80985b elementor-widget elementor-widget-spacer\" data-id=\"e80985b\" data-element_type=\"widget\" data-e-type=\"widget\" data-widget_type=\"spacer.default\">\n\t\t\t\t<div class=\"elementor-widget-container\">\n\t\t\t\t\t\t\t<div class=\"elementor-spacer\">\n\t\t\t<div class=\"elementor-spacer-inner\"><\/div>\n\t\t<\/div>\n\t\t\t\t\t\t<\/div>\n\t\t\t\t<\/div>\n\t\t\t\t<div class=\"elementor-element elementor-element-c0cded0 elementor-widget__width-initial elementor-widget elementor-widget-heading\" data-id=\"c0cded0\" data-element_type=\"widget\" data-e-type=\"widget\" data-widget_type=\"heading.default\">\n\t\t\t\t<div class=\"elementor-widget-container\">\n\t\t\t\t\t<h1 class=\"elementor-heading-title elementor-size-default\">Rahvusvaheliste Suhete Ringi p\u00f5hikiri<\/h1>\t\t\t\t<\/div>\n\t\t\t\t<\/div>\n\t\t\t\t<div class=\"elementor-element elementor-element-1384b7a elementor-widget elementor-widget-spacer\" data-id=\"1384b7a\" data-element_type=\"widget\" data-e-type=\"widget\" data-widget_type=\"spacer.default\">\n\t\t\t\t<div class=\"elementor-widget-container\">\n\t\t\t\t\t\t\t<div class=\"elementor-spacer\">\n\t\t\t<div class=\"elementor-spacer-inner\"><\/div>\n\t\t<\/div>\n\t\t\t\t\t\t<\/div>\n\t\t\t\t<\/div>\n\t\t\t\t<div class=\"elementor-element elementor-element-c5cc0fd elementor-widget elementor-widget-spacer\" data-id=\"c5cc0fd\" data-element_type=\"widget\" data-e-type=\"widget\" data-widget_type=\"spacer.default\">\n\t\t\t\t<div class=\"elementor-widget-container\">\n\t\t\t\t\t\t\t<div class=\"elementor-spacer\">\n\t\t\t<div class=\"elementor-spacer-inner\"><\/div>\n\t\t<\/div>\n\t\t\t\t\t\t<\/div>\n\t\t\t\t<\/div>\n\t\t\t\t<div class=\"elementor-element elementor-element-dd98b87 elementor-widget elementor-widget-heading\" data-id=\"dd98b87\" data-element_type=\"widget\" data-e-type=\"widget\" data-widget_type=\"heading.default\">\n\t\t\t\t<div class=\"elementor-widget-container\">\n\t\t\t\t\t<h2 class=\"elementor-heading-title elementor-size-default\">PREAMBUL<\/h2>\t\t\t\t<\/div>\n\t\t\t\t<\/div>\n\t\t\t\t<div class=\"elementor-element elementor-element-c0e67a4 elementor-widget elementor-widget-text-editor\" data-id=\"c0e67a4\" data-element_type=\"widget\" data-e-type=\"widget\" data-widget_type=\"text-editor.default\">\n\t\t\t\t<div class=\"elementor-widget-container\">\n\t\t\t\t\t\t\t\t\t<p style=\"text-align: justify;\" align=\"center\"><span style=\"color: #3f3b3b;\">Rahvusvaheliste Suhete Ring (RSR) on Tartu \u00dclikooli k\u00f5rval tegutsev \u00fcli\u00f5pilasorganisatsioon, mille eesm\u00e4rgiks on l\u00e4bi erinevate tegevuste \u00fchendada rahvusvaheliste suhete vastu huvi tundvaid isikuid ning avardada nende teadmisi. Esmajoones on Rahvusvaheliste Suhete Ringi tegevus orienteeritud tudengitele.<\/span><\/p><p><span style=\"color: #3f3b3b;\">RSR on loodud 7. oktoobril 1963. Oma tegevuses l\u00e4htub RSR v\u00e4ljakujunenud traditsioonidest ja heast tavast.<\/span><\/p><p><span style=\"color: #3f3b3b;\">Inimesed RSR-i Suures ja V\u00e4ikses Ringis on erinevatest teaduskondadest ja mitmetelt erialadelt.<\/span><\/p>\t\t\t\t\t\t\t\t<\/div>\n\t\t\t\t<\/div>\n\t\t\t\t<div class=\"elementor-element elementor-element-8df7567 elementor-widget elementor-widget-heading\" data-id=\"8df7567\" data-element_type=\"widget\" data-e-type=\"widget\" data-widget_type=\"heading.default\">\n\t\t\t\t<div class=\"elementor-widget-container\">\n\t\t\t\t\t<h2 class=\"elementor-heading-title elementor-size-default\">I \u00dcLDALUSED<\/h2>\t\t\t\t<\/div>\n\t\t\t\t<\/div>\n\t\t\t\t<div class=\"elementor-element elementor-element-6778a3a elementor-widget elementor-widget-text-editor\" data-id=\"6778a3a\" data-element_type=\"widget\" data-e-type=\"widget\" data-widget_type=\"text-editor.default\">\n\t\t\t\t<div class=\"elementor-widget-container\">\n\t\t\t\t\t\t\t\t\t<p><span style=\"font-weight: 400;\">1.1 Organisatsiooni nimi on \u201cRahvusvaheliste Suhete Ring\u201d (edaspidi l\u00fchendina kasutatud RSR). Inglise keeles on organisatsiooni nimi The Society of International Relations at the University of Tartu.<\/span><\/p><p><span style=\"font-weight: 400;\">1.2 RSR-i eesm\u00e4rk on korraldatud tegevuste kaudu \u00fchendada ja harida rahvusvaheliste suhete vastu huvi tundvaid inimesi. T\u00e4iendavalt arendab RSR koost\u00f6\u00f6d oma vilistlaste ja teiste organisatsioonidega.<\/span><\/p><p><span style=\"font-weight: 400;\">1.3 RSR-i p\u00f5hikiri annab juhiseid RSR-i tegutsemisaluste kohta.<\/span><\/p><p><span style=\"font-weight: 400;\">1.4 RSR on apoliitiline organisatsioon.<\/span><\/p><p><span style=\"font-weight: 400;\">1.5 RSR l\u00e4htub oma tegevuses organisatsiooni p\u00f5hikirjast, v\u00e4ljakujunenud praktikast, Tartu \u00dclikooli esindava akadeemilise juhendaja n\u00f5uannetest ning heast organisatsiooni juhtimise tavast.<\/span><\/p><p><span style=\"font-weight: 400;\">1.6 RSR-i k\u00f5rgeimaks organiks on RSR-i \u00fcldkoosolek (edaspidi: \u00fcldkoosolek).<\/span><\/p><p><span style=\"font-weight: 400;\">1.7 RSR-i tegevust korraldab RSR-i V\u00e4ike Ring.<\/span><\/p><p><span style=\"font-weight: 400;\">1.8 RSR-i tegevust koordineerib V\u00e4ikse Ringi liikmete poolt \u00fcldkoosolekul valitav juhatus (edaspidi: juhatus).<\/span><\/p><p><span style=\"font-weight: 400;\">1.9 RSR korraldab \u00fcritusi Suurele Ringile, mille moodustavad RSR-i \u00fcritustel osalevad rahvusvahelistest suhetest huvi tundvad isikud.<\/span><\/p>\t\t\t\t\t\t\t\t<\/div>\n\t\t\t\t<\/div>\n\t\t\t\t<div class=\"elementor-element elementor-element-49ef933 elementor-widget elementor-widget-heading\" data-id=\"49ef933\" data-element_type=\"widget\" data-e-type=\"widget\" data-widget_type=\"heading.default\">\n\t\t\t\t<div class=\"elementor-widget-container\">\n\t\t\t\t\t<h2 class=\"elementor-heading-title elementor-size-default\">II RSR V\u00c4IKE RING<\/h2>\t\t\t\t<\/div>\n\t\t\t\t<\/div>\n\t\t\t\t<div class=\"elementor-element elementor-element-98bcfab elementor-widget elementor-widget-text-editor\" data-id=\"98bcfab\" data-element_type=\"widget\" data-e-type=\"widget\" data-widget_type=\"text-editor.default\">\n\t\t\t\t<div class=\"elementor-widget-container\">\n\t\t\t\t\t\t\t\t\t<p><span style=\"font-weight: 400;\">2.1 V\u00e4ikse Ringi liige (edaspidi liige) on RSR-i vastu v\u00f5etud Tartus k\u00f5rgharidust omandav tudeng.<\/span><\/p><p><span style=\"font-weight: 400;\">2.2 V\u00e4ikse Ringiga liitumine toimub kandideerimise kaudu. Kandideerimise t\u00e4htp\u00e4eva kuulutab v\u00e4lja juhatus v\u00e4hemalt kahen\u00e4dalase etteteatamisega.<\/span><\/p><p><span style=\"font-weight: 400;\">2.3 V\u00e4ikse Ringi liikmeks astumiseks tuleb t\u00e4ita kirjalik avaldus, mille alusel toimub kandidaadiga intervjuu, mille viib l\u00e4bi \u00fcldkoosolek.<\/span><\/p><p><span style=\"font-weight: 400;\">2.4 V\u00e4ikse Ringi liikmeks saamise otsuse teeb \u00fcldkoosolek avalduse ja intervjuu p\u00f5hjal lihth\u00e4\u00e4lteenamusega.<\/span><\/p><p><span style=\"font-weight: 400;\">2.5 Liikmesus l\u00f5peb vilistlaseks astumise v\u00f5i ringist v\u00e4ljaarvamisega l\u00e4htuvalt p\u00f5hikirjas s\u00e4testatud korrast.<\/span><\/p><p><span style=\"font-weight: 400;\">2.6 Liikmeks vastuv\u00f5tmise v\u00f5i sellest keeldumise otsusest on juhatus kohustatud 7 p\u00e4eva jooksul teatama kirjalikult.<\/span><\/p><p><span style=\"font-weight: 400;\">2.7 Liikmesuse pikendamine kuni \u00fcheks t\u00e4iendavaks \u00f5ppeaastaks p\u00e4rast \u00f5pingute l\u00f5ppemist on v\u00f5imalik juhatusele esitatud avalduse heakskiitmise korral. Avalduse vorm ei ole kindlaks m\u00e4\u00e4ratud.<\/span><\/p><p><span style=\"font-weight: 400;\">2.8 V\u00e4ikessse Ringi vastuv\u00f5tmise korral hakkavad liikmele kehtima \u00f5igused ja kohustused. Liikme \u00f5igused on v\u00f5\u00f5randamatud.<\/span><\/p><p><span style=\"font-weight: 400;\">2.9 V\u00e4ikse Ringi liikmel on \u00f5igus:<\/span><\/p><p style=\"padding-left: 40px;\"><span style=\"font-weight: 400;\">2.9.1 h\u00e4\u00e4letada \u00fcldkoosolekul;<\/span><\/p><p style=\"padding-left: 40px;\"><span style=\"font-weight: 400;\">2.9.2 valida ja olla valitud juhatusse;<\/span><\/p><p style=\"padding-left: 40px;\"><span style=\"font-weight: 400;\">2.9.3 v\u00f5tta osa k\u00f5ikidest RSR-i poolt V\u00e4iksele Ringile organiseeritud \u00fcritustest;<\/span><\/p><p style=\"padding-left: 40px;\"><span style=\"font-weight: 400;\">2.9.4 v\u00f5tta osa RSR-i poolt Suurele Ringile organiseeritud \u00fcritustest;<\/span><\/p><p style=\"padding-left: 40px;\"><span style=\"font-weight: 400;\">2.9.5 kasutada RSR-i vara heade kommete kohaselt;<\/span><\/p><p style=\"padding-left: 40px;\"><span style=\"font-weight: 400;\">2.9.6 RSR-st v\u00e4lja astuda.<\/span><\/p><p><span style=\"font-weight: 400;\">2.10 V\u00e4ikse Ringi liikmel on kohustus:<\/span><\/p><p style=\"padding-left: 40px;\"><span style=\"font-weight: 400;\">2.10.1 osaleda \u00fcldkoosolekul;<\/span><\/p><p style=\"padding-left: 40px;\"><span style=\"font-weight: 400;\">2.10.2 \u00fcldkoosolekult puudumisel delegeerida oma h\u00e4\u00e4l kohalviibijale;<\/span><\/p><p style=\"padding-left: 40px;\"><span style=\"font-weight: 400;\">2.10.3 j\u00e4rgida RSR-i p\u00f5hikirja, v\u00e4lja kujunenud tavasid, \u00fcldkoosoleku otsuseid ning juhatuse korraldusi;<\/span><\/p><p style=\"padding-left: 40px;\"><span style=\"font-weight: 400;\">2.10.4 kuuluda V\u00e4ikse Ringi t\u00f6\u00f6gruppidesse;<\/span><\/p><p style=\"padding-left: 40px;\"><span style=\"font-weight: 400;\">2.10.5 panustada n\u00f5u ja j\u00f5uga RSR-i t\u00f6\u00f6sse ja tegevustesse;<\/span><\/p><p style=\"padding-left: 40px;\"><span style=\"font-weight: 400;\">2.10.6 aidata oma tegevusega kaasa RSR-i arengule;<\/span><\/p><p style=\"padding-left: 40px;\"><span style=\"font-weight: 400;\">2.10.7 hoida ja kasutada heaperemehelikult ja otstarbekalt RSR-le kuuluvat vara;<\/span><\/p><p style=\"padding-left: 40px;\"><span style=\"font-weight: 400;\">2.10.8 RSR-st v\u00e4ljaastumisel v\u00f5i v\u00e4ljaarvamisel viivitamatult tagastama temale kasutada antud RSR-i vara;<\/span><\/p><p style=\"padding-left: 40px;\"><span style=\"font-weight: 400;\">2.10.9 h\u00fcvitada RSR-le oma s\u00fc\u00fclise tegevuse tagaj\u00e4rjel p\u00f5hjustatud kahju vastavalt kehtivale seadusandlusele.<\/span><\/p><p><span style=\"font-weight: 400;\">2.11 Liikmele ei v\u00f5i tema tahte vastaselt panna kohustusi.<\/span><\/p><p><span style=\"font-weight: 400;\">2.12 V\u00e4iksest Ringist saab v\u00e4lja astuda v\u00e4iksele ringile teada andes. Avalduse vorm ei ole kindlaks m\u00e4\u00e4ratud.<\/span><\/p><p><span style=\"font-weight: 400;\">2.13 \u00dcldkoosolekul on \u00f5igus h\u00e4\u00e4lteenamusega V\u00e4iksest Ringist v\u00e4lja arvata liikmed, kelle tegevus on vastuolus RSR-i p\u00f5hikirjaga v\u00f5i kelle tegevuse v\u00f5i tegevusetuse tagaj\u00e4rjel p\u00f5hjustatakse kahju RSR-le v\u00f5i selle liikmetele. Vastavast p\u00e4evakorra punktist tuleb eraldi teavitada k\u00f5nealust isikut ja ka otsusest koheselt teada anda.<\/span><\/p>\t\t\t\t\t\t\t\t<\/div>\n\t\t\t\t<\/div>\n\t\t\t\t<div class=\"elementor-element elementor-element-8470e79 elementor-widget elementor-widget-heading\" data-id=\"8470e79\" data-element_type=\"widget\" data-e-type=\"widget\" data-widget_type=\"heading.default\">\n\t\t\t\t<div class=\"elementor-widget-container\">\n\t\t\t\t\t<h2 class=\"elementor-heading-title elementor-size-default\">III RSR-i \u00dcLDKOOSOLEK<\/h2>\t\t\t\t<\/div>\n\t\t\t\t<\/div>\n\t\t\t\t<div class=\"elementor-element elementor-element-d487cdd elementor-widget elementor-widget-text-editor\" data-id=\"d487cdd\" data-element_type=\"widget\" data-e-type=\"widget\" data-widget_type=\"text-editor.default\">\n\t\t\t\t<div class=\"elementor-widget-container\">\n\t\t\t\t\t\t\t\t\t<p><span style=\"font-weight: 400;\">3.1 \u00dcldkoosolek kutsutakse kokku juhatuse poolt v\u00e4hemalt \u00fcks kord semestris.<\/span><\/p><p><span style=\"font-weight: 400;\">3.2 Juhatus peab \u00fcldkoosoleku kokku kutsuma, kui seda n\u00f5uab v\u00e4hemalt 1\/10 V\u00e4ikse Ringi liikmetest.<\/span><\/p><p><span style=\"font-weight: 400;\">3.3 \u00dcldkoosoleku kokkukutsumisest teatab juhatus V\u00e4ikse Ringi liikmetele kirjalikult ette v\u00e4hemalt seitse p\u00e4eva enne \u00fcldkoosoleku toimumist.<\/span><\/p><p><span style=\"font-weight: 400;\">3.4 Juhatus on kohustatud \u00fcldkoosoleku p\u00e4evakorra v\u00e4lja kuulutama 24 tundi enne \u00fcldkoosoleku toimumist.<\/span><\/p><p><span style=\"font-weight: 400;\">3.5 \u00dcldkoosolekul osalejal on \u00f5igus t\u00e4iendada p\u00e4evakorda.<\/span><\/p><p><span style=\"font-weight: 400;\">3.6 \u00dcldkoosolek on otsustusv\u00f5imeline, kui selles osaleb v\u00f5i on esindatud v\u00e4hemalt 2\/3 V\u00e4ikse Ringi liikmetest.<\/span><\/p><p><span style=\"font-weight: 400;\">3.7 \u00dcldkoosoleku otsused on vastu v\u00f5etud, kui nende poolt on h\u00e4\u00e4letanud \u00fcle poole koosolekul osalenud v\u00f5i esindatud liikmetest, v\u00e4lja arvatud punktides 8. ja 9. nimetatud otsused ja seaduses s\u00e4testatud juhtudel.<\/span><\/p><p><span style=\"font-weight: 400;\">3.8 P\u00f5hikirja muutmise otsus on vastu v\u00f5etud, kui selle poolt on h\u00e4\u00e4letanud 2\/3 \u00fcldkoosolekul osalenud liikmetest v\u00f5i nende esindajatest. H\u00e4\u00e4l v\u00f5ib olla esitatud ka kirjalikult.<\/span><\/p><p><span style=\"font-weight: 400;\">3.9 \u00dcldkoosoleku otsus loetakse vastuv\u00f5etuks koosolekut kokku kutsumata, kui otsuse poolt h\u00e4\u00e4letavad kirjalikult V\u00e4ikse Ringi liikmed.<\/span><\/p><p><span style=\"font-weight: 400;\">3.10 Igal V\u00e4ikse Ringi liikmel on h\u00e4\u00e4letamisel \u00fcks h\u00e4\u00e4l.<\/span><\/p>\t\t\t\t\t\t\t\t<\/div>\n\t\t\t\t<\/div>\n\t\t\t\t<div class=\"elementor-element elementor-element-d2023ff elementor-widget elementor-widget-heading\" data-id=\"d2023ff\" data-element_type=\"widget\" data-e-type=\"widget\" data-widget_type=\"heading.default\">\n\t\t\t\t<div class=\"elementor-widget-container\">\n\t\t\t\t\t<h2 class=\"elementor-heading-title elementor-size-default\">IV  RSR-i JUHATUS<\/h2>\t\t\t\t<\/div>\n\t\t\t\t<\/div>\n\t\t\t\t<div class=\"elementor-element elementor-element-c52fff8 elementor-widget elementor-widget-text-editor\" data-id=\"c52fff8\" data-element_type=\"widget\" data-e-type=\"widget\" data-widget_type=\"text-editor.default\">\n\t\t\t\t<div class=\"elementor-widget-container\">\n\t\t\t\t\t\t\t\t\t<p><span style=\"font-weight: 400;\">4.1 RSR-i juhatus koosneb presidendist ja asepresidentidest.<\/span><\/p><p><span style=\"font-weight: 400;\">4.2 RSR-i presidendi \u00fclesanneteks on organisatsiooni esindamine, liikmete n\u00f5ustamine ja muude organisatsiooni juhtimist puudutavate probleemide lahendamine.<\/span><\/p><p><span style=\"font-weight: 400;\">4.3 Juhatus l\u00e4htub oma t\u00f6\u00f6 tegemisel p\u00f5hikirjast ning v\u00e4ljakujunenud tavast.<\/span><\/p><p><span style=\"font-weight: 400;\">4.4 Juhatuse liikmed on kohustatud osalema v\u00e4hemalt \u00fche V\u00e4ikse Ringi t\u00f6\u00f6grupi t\u00f6\u00f6s.<\/span><\/p><p><span style=\"font-weight: 400;\">4.5 RSR-i asepresidentide t\u00f6\u00f6kohustused l\u00e4htuvad nende endi poolt juhatuse valimisel esitatud platvormidest, kuid neid v\u00f5ib president oma \u00e4ran\u00e4gemise j\u00e4rgi muuta.<\/span><\/p><p><span style=\"font-weight: 400;\">4.6 Juhatus valitakse \u00fcldkoosolekul s\u00fcgissemestri l\u00f5pus. Juhatus valitakse \u00fcheks aastaks.<\/span><\/p><p><span style=\"font-weight: 400;\">4.7 Juhatus valitakse \u00fcldkoosolekul kandideerimisavalduse ning valimisk\u00f5ne alusel. Kandideerimisavaldus tuleb avalikustada 7 p\u00e4eva enne \u00fcldkoosolekut.<\/span><\/p><p><span style=\"font-weight: 400;\">4.8 Uuele juhatusele tuleb volitused \u00fcle anda 30 p\u00e4eva jooksul. Volituste \u00fcleandmisest teavitab uus juhatus RSR-i.<\/span><\/p><p><span style=\"font-weight: 400;\">4.9 Juhatuse koosolek:<\/span><\/p><p style=\"padding-left: 40px;\"><span style=\"font-weight: 400;\">4.9.1. toimub v\u00e4hemalt kord semestris;<\/span><\/p><p style=\"padding-left: 40px;\"><span style=\"font-weight: 400;\">4.9.2 on otsustusv\u00f5imeline, kui sellest v\u00f5tab osa president ja v\u00e4hemalt \u00fcks asepresident;<\/span><\/p><p style=\"padding-left: 40px;\"><span style=\"font-weight: 400;\">4.9.3 v\u00f5tab vastu otsuseid poolth\u00e4\u00e4lte enamusega;<\/span><\/p><p style=\"padding-left: 40px;\"><span style=\"font-weight: 400;\">4.9.4 igal juhatuse liikmel on otsuse vastuv\u00f5tmisel \u00fcks h\u00e4\u00e4l;<\/span><\/p><p style=\"padding-left: 40px;\"><span style=\"font-weight: 400;\">4.9.5 kui juhatuse koosolekul tekib h\u00e4\u00e4letamisel viik, on presidendil otsustav h\u00e4\u00e4l.<\/span><\/p><p><span style=\"font-weight: 400;\">4.10 Juhatuse v\u00f5ib ennet\u00e4htaegselt tagasi kutsuda ja korraldada uue juhatuse valimised \u00fcldkoosolekul. Juhatuse tagasikutsumiseks ja uue juhatuse valimiseks on vajalik v\u00e4hemalt 2\u20443 \u00fcldkoosoleku h\u00e4\u00e4ltest. Uue juhatuse volitused kehtivad kuni j\u00e4rgmiste korraliste valimisteni.<\/span><\/p><p><span style=\"font-weight: 400;\">4.11 Juhatuse ennet\u00e4htaegne tagasikutsumine toimub \u00fcldkoosolekul ning see peab olema eraldi v\u00e4lja toodud \u00fcldkoosoleku p\u00e4evakorra punktina.<\/span><\/p><p><span style=\"font-weight: 400;\">4.12 Kui president ei saa p\u00fcsivalt oma ametikohustusi t\u00e4ita kutsub juhatus 14 p\u00e4eva jooksul kokku erakorralise \u00fcldkoosoleku uue presidendi valimiseks.<\/span><\/p>\t\t\t\t\t\t\t\t<\/div>\n\t\t\t\t<\/div>\n\t\t\t\t<div class=\"elementor-element elementor-element-aa09d27 elementor-widget elementor-widget-heading\" data-id=\"aa09d27\" data-element_type=\"widget\" data-e-type=\"widget\" data-widget_type=\"heading.default\">\n\t\t\t\t<div class=\"elementor-widget-container\">\n\t\t\t\t\t<h2 class=\"elementor-heading-title elementor-size-default\">V RSR-i VARA<\/h2>\t\t\t\t<\/div>\n\t\t\t\t<\/div>\n\t\t\t\t<div class=\"elementor-element elementor-element-5c3351a elementor-widget elementor-widget-text-editor\" data-id=\"5c3351a\" data-element_type=\"widget\" data-e-type=\"widget\" data-widget_type=\"text-editor.default\">\n\t\t\t\t<div class=\"elementor-widget-container\">\n\t\t\t\t\t\t\t\t\t<p><span style=\"font-weight: 400;\">5.1 RSR-i liikmel ei ole \u00f5igust kasutada RSR-i vara omavoliliselt. RSR-il ei ole \u00f5igust RSR-i liikme varale.<\/span><\/p><p><span style=\"font-weight: 400;\">5.2 RSR ei kanna varalist vastutust oma liikmete varaliste kohustuste eest, v\u00e4lja arvatud RSR-i p\u00f5hikirjaliste kohustuste v\u00f5i eesm\u00e4rkide t\u00e4itmiseks tehtud kulutuste eest.<\/span><\/p><p><span style=\"font-weight: 400;\">5.3 RSR vastutab enda varaliste kohustuste eest talle kuuluva varaga.<\/span><\/p>\t\t\t\t\t\t\t\t<\/div>\n\t\t\t\t<\/div>\n\t\t\t\t<div class=\"elementor-element elementor-element-a621de9 elementor-widget elementor-widget-text-editor\" data-id=\"a621de9\" data-element_type=\"widget\" data-e-type=\"widget\" data-widget_type=\"text-editor.default\">\n\t\t\t\t<div class=\"elementor-widget-container\">\n\t\t\t\t\t\t\t\t\t<p style=\"padding-left: 40px;\">Kinnitatud \u00dcldkoosolekul 3. september, 2024.<\/p>\t\t\t\t\t\t\t\t<\/div>\n\t\t\t\t<\/div>\n\t\t\t\t\t<\/div>\n\t\t<\/div>\n\t\t\t\t\t<\/div>\n\t\t<\/section>\n\t\t\t\t<\/div>","protected":false},"excerpt":{"rendered":"<p>Rahvusvaheliste Suhete Ringi p\u00f5hikiri PREAMBUL Rahvusvaheliste Suhete Ring (RSR) on Tartu \u00dclikooli k\u00f5rval tegutsev \u00fcli\u00f5pilasorganisatsioon, mille eesm\u00e4rgiks on l\u00e4bi erinevate tegevuste \u00fchendada rahvusvaheliste suhete vastu huvi tundvaid isikuid ning avardada nende teadmisi. Esmajoones on Rahvusvaheliste Suhete Ringi tegevus orienteeritud tudengitele. RSR on loodud 7. oktoobril 1963. Oma tegevuses l\u00e4htub RSR v\u00e4ljakujunenud traditsioonidest ja heast tavast. [&hellip;]<\/p>\n","protected":false},"author":3,"featured_media":0,"parent":0,"menu_order":0,"comment_status":"closed","ping_status":"closed","template":"","meta":{"site-sidebar-layout":"no-sidebar","site-content-layout":"page-builder","ast-site-content-layout":"","site-content-style":"default","site-sidebar-style":"default","ast-global-header-display":"","ast-banner-title-visibility":"","ast-main-header-display":"","ast-hfb-above-header-display":"","ast-hfb-below-header-display":"","ast-hfb-mobile-header-display":"","site-post-title":"disabled","ast-breadcrumbs-content":"","ast-featured-img":"disabled","footer-sml-layout":"","theme-transparent-header-meta":"","adv-header-id-meta":"","stick-header-meta":"","header-above-stick-meta":"","header-main-stick-meta":"","header-below-stick-meta":"","astra-migrate-meta-layouts":"default","ast-page-background-enabled":"default","ast-page-background-meta":{"desktop":{"background-color":"","background-image":"","background-repeat":"repeat","background-position":"center center","background-size":"auto","background-attachment":"scroll","background-type":"","background-media":"","overlay-type":"","overlay-color":"","overlay-opacity":"","overlay-gradient":""},"tablet":{"background-color":"","background-image":"","background-repeat":"repeat","background-position":"center center","background-size":"auto","background-attachment":"scroll","background-type":"","background-media":"","overlay-type":"","overlay-color":"","overlay-opacity":"","overlay-gradient":""},"mobile":{"background-color":"","background-image":"","background-repeat":"repeat","background-position":"center center","background-size":"auto","background-attachment":"scroll","background-type":"","background-media":"","overlay-type":"","overlay-color":"","overlay-opacity":"","overlay-gradient":""}},"ast-content-background-meta":{"desktop":{"background-color":"var(--ast-global-color-5)","background-image":"","background-repeat":"repeat","background-position":"center center","background-size":"auto","background-attachment":"scroll","background-type":"","background-media":"","overlay-type":"","overlay-color":"","overlay-opacity":"","overlay-gradient":""},"tablet":{"background-color":"var(--ast-global-color-5)","background-image":"","background-repeat":"repeat","background-position":"center center","background-size":"auto","background-attachment":"scroll","background-type":"","background-media":"","overlay-type":"","overlay-color":"","overlay-opacity":"","overlay-gradient":""},"mobile":{"background-color":"var(--ast-global-color-5)","background-image":"","background-repeat":"repeat","background-position":"center center","background-size":"auto","background-attachment":"scroll","background-type":"","background-media":"","overlay-type":"","overlay-color":"","overlay-opacity":"","overlay-gradient":""}},"footnotes":""},"class_list":["post-3338","page","type-page","status-publish","hentry"],"_links":{"self":[{"href":"https:\/\/www.rsr.ut.ee\/en\/wp-json\/wp\/v2\/pages\/3338","targetHints":{"allow":["GET"]}}],"collection":[{"href":"https:\/\/www.rsr.ut.ee\/en\/wp-json\/wp\/v2\/pages"}],"about":[{"href":"https:\/\/www.rsr.ut.ee\/en\/wp-json\/wp\/v2\/types\/page"}],"author":[{"embeddable":true,"href":"https:\/\/www.rsr.ut.ee\/en\/wp-json\/wp\/v2\/users\/3"}],"replies":[{"embeddable":true,"href":"https:\/\/www.rsr.ut.ee\/en\/wp-json\/wp\/v2\/comments?post=3338"}],"version-history":[{"count":3,"href":"https:\/\/www.rsr.ut.ee\/en\/wp-json\/wp\/v2\/pages\/3338\/revisions"}],"predecessor-version":[{"id":15241,"href":"https:\/\/www.rsr.ut.ee\/en\/wp-json\/wp\/v2\/pages\/3338\/revisions\/15241"}],"wp:attachment":[{"href":"https:\/\/www.rsr.ut.ee\/en\/wp-json\/wp\/v2\/media?parent=3338"}],"curies":[{"name":"wp","href":"https:\/\/api.w.org\/{rel}","templated":true}]}}