{"id":3336,"date":"2023-06-28T00:34:05","date_gmt":"2023-06-27T21:34:05","guid":{"rendered":"https:\/\/rsr.ut.ee\/?page_id=3336"},"modified":"2023-12-29T23:35:24","modified_gmt":"2023-12-29T21:35:24","slug":"tutvustus","status":"publish","type":"page","link":"https:\/\/www.rsr.ut.ee\/en\/tutvustus\/","title":{"rendered":"Tutvustus"},"content":{"rendered":"<div data-elementor-type=\"wp-page\" data-elementor-id=\"3336\" class=\"elementor elementor-3336\" data-elementor-post-type=\"page\">\n\t\t\t\t\t\t<section class=\"elementor-section elementor-top-section elementor-element elementor-element-ac44c97 elementor-section-full_width elementor-section-height-default elementor-section-height-default\" data-id=\"ac44c97\" data-element_type=\"section\" data-e-type=\"section\">\n\t\t\t\t\t\t<div class=\"elementor-container elementor-column-gap-no\">\n\t\t\t\t\t<div class=\"elementor-column elementor-col-100 elementor-top-column elementor-element elementor-element-a78f23f\" data-id=\"a78f23f\" data-element_type=\"column\" data-e-type=\"column\">\n\t\t\t<div class=\"elementor-widget-wrap elementor-element-populated\">\n\t\t\t\t\t\t<div class=\"elementor-element elementor-element-c1e251c elementor-widget elementor-widget-spacer\" data-id=\"c1e251c\" data-element_type=\"widget\" data-e-type=\"widget\" data-widget_type=\"spacer.default\">\n\t\t\t\t<div class=\"elementor-widget-container\">\n\t\t\t\t\t\t\t<div class=\"elementor-spacer\">\n\t\t\t<div class=\"elementor-spacer-inner\"><\/div>\n\t\t<\/div>\n\t\t\t\t\t\t<\/div>\n\t\t\t\t<\/div>\n\t\t\t\t<div class=\"elementor-element elementor-element-e3bf9dd elementor-widget elementor-widget-heading\" data-id=\"e3bf9dd\" data-element_type=\"widget\" data-e-type=\"widget\" data-widget_type=\"heading.default\">\n\t\t\t\t<div class=\"elementor-widget-container\">\n\t\t\t\t\t<h1 class=\"elementor-heading-title elementor-size-default\">Tutvustus<\/h1>\t\t\t\t<\/div>\n\t\t\t\t<\/div>\n\t\t\t\t<div class=\"elementor-element elementor-element-a2f32df elementor-widget elementor-widget-spacer\" data-id=\"a2f32df\" data-element_type=\"widget\" data-e-type=\"widget\" data-widget_type=\"spacer.default\">\n\t\t\t\t<div class=\"elementor-widget-container\">\n\t\t\t\t\t\t\t<div class=\"elementor-spacer\">\n\t\t\t<div class=\"elementor-spacer-inner\"><\/div>\n\t\t<\/div>\n\t\t\t\t\t\t<\/div>\n\t\t\t\t<\/div>\n\t\t\t\t<div class=\"elementor-element elementor-element-f921237 elementor-widget-divider--view-line elementor-widget elementor-widget-divider\" data-id=\"f921237\" data-element_type=\"widget\" data-e-type=\"widget\" data-widget_type=\"divider.default\">\n\t\t\t\t<div class=\"elementor-widget-container\">\n\t\t\t\t\t\t\t<div class=\"elementor-divider\">\n\t\t\t<span class=\"elementor-divider-separator\">\n\t\t\t\t\t\t<\/span>\n\t\t<\/div>\n\t\t\t\t\t\t<\/div>\n\t\t\t\t<\/div>\n\t\t\t\t<div class=\"elementor-element elementor-element-24bad3a elementor-widget elementor-widget-spacer\" data-id=\"24bad3a\" data-element_type=\"widget\" data-e-type=\"widget\" data-widget_type=\"spacer.default\">\n\t\t\t\t<div class=\"elementor-widget-container\">\n\t\t\t\t\t\t\t<div class=\"elementor-spacer\">\n\t\t\t<div class=\"elementor-spacer-inner\"><\/div>\n\t\t<\/div>\n\t\t\t\t\t\t<\/div>\n\t\t\t\t<\/div>\n\t\t\t\t<div class=\"elementor-element elementor-element-e7afe41 elementor-widget elementor-widget-text-editor\" data-id=\"e7afe41\" data-element_type=\"widget\" data-e-type=\"widget\" data-widget_type=\"text-editor.default\">\n\t\t\t\t<div class=\"elementor-widget-container\">\n\t\t\t\t\t\t\t\t\t<p align=\"justify\"><strong>Rahvusvaheliste&nbsp;Suhete&nbsp;Ring<\/strong>, RSR, on Tartu \u00dclikooli juures tegutsev organisatsioon, mis loodi 7. oktoobril 1963. RSR-i liikmeskond koosneb erinevatest teaduskondadest ja erialadest tulnud \u00fcli\u00f5pilastest, kes jagavad huvi poliitmaastikul toimuva vastu.<\/p>\n<p align=\"justify\">Liikmed RSR-i Suures ja V\u00e4ikeses Ringis on erinevatest teaduskondadest ja mitmetelt erialadelt.<\/p>\n<p align=\"justify\">Samuti kirjutatatakse rahvusvaheliste suhete teemalisi poliitmemosid ning m\u00f5tteavaldusi. Lisaks korraldab RSR igal kevadel T\u00dc Kevadp\u00e4evade raames m\u00e4lum\u00e4ngu rahvusvahelistest suhetest ja v\u00e4hemalt kord aastas toimub v\u00e4ljas\u00f5it m\u00f5nda huvitavasse rahvusvaheliste suhetega seotud institutsiooni. Meie k\u00fclalisteks on poliitikud, riigiametnikud, teadlased, ettev\u00f5tjad ja teised rahvusvahelistest suhetest huvitatud v\u00f5i nendega kokku puutuvad inimesed.<\/p>\n<p align=\"justify\">RSR loodi 7. oktoobril 1963.&nbsp;<a href=\"https:\/\/www.rsr.ut.ee\/en\/liikmed\/vilistlased\/\" target=\"_blank\" rel=\"noopener\">Vilistlaste<\/a>&nbsp;seas on mitmeid tuntud ning edukaid inimesi, kes aeg-ajalt meie loenguid k\u00fclastavad. Inimesed RSR-i Suures ja <a href=\"https:\/\/www.rsr.ut.ee\/en\/liikmed\/vaike-ring\/\" target=\"_blank\" rel=\"noopener\">V\u00e4ikeses Ringis<\/a> on erinevatest teaduskondadest ja mitmetelt erialadelt, n\u00e4iteks: riigi- ja \u00f5igusteadusest, ajaloost, kirjandusest ja filosoofiast.<\/p>\n<p align=\"justify\">On every Tuesday evening at 18:15 we meet at the Genialistide Klubi to listen to the lecture organized by RSR. The lectures are mostly in Estonian and sometimes in English.<\/p>\t\t\t\t\t\t\t\t<\/div>\n\t\t\t\t<\/div>\n\t\t\t\t<div class=\"elementor-element elementor-element-3cedade elementor-widget elementor-widget-spacer\" data-id=\"3cedade\" data-element_type=\"widget\" data-e-type=\"widget\" data-widget_type=\"spacer.default\">\n\t\t\t\t<div class=\"elementor-widget-container\">\n\t\t\t\t\t\t\t<div class=\"elementor-spacer\">\n\t\t\t<div class=\"elementor-spacer-inner\"><\/div>\n\t\t<\/div>\n\t\t\t\t\t\t<\/div>\n\t\t\t\t<\/div>\n\t\t\t\t<div class=\"elementor-element elementor-element-aa0d1a5 elementor-widget elementor-widget-heading\" data-id=\"aa0d1a5\" data-element_type=\"widget\" data-e-type=\"widget\" data-widget_type=\"heading.default\">\n\t\t\t\t<div class=\"elementor-widget-container\">\n\t\t\t\t\t<h1 class=\"elementor-heading-title elementor-size-default\">Juhtm\u00f5tted<\/h1>\t\t\t\t<\/div>\n\t\t\t\t<\/div>\n\t\t\t\t<div class=\"elementor-element elementor-element-b1d9595 elementor-widget elementor-widget-spacer\" data-id=\"b1d9595\" data-element_type=\"widget\" data-e-type=\"widget\" data-widget_type=\"spacer.default\">\n\t\t\t\t<div class=\"elementor-widget-container\">\n\t\t\t\t\t\t\t<div class=\"elementor-spacer\">\n\t\t\t<div class=\"elementor-spacer-inner\"><\/div>\n\t\t<\/div>\n\t\t\t\t\t\t<\/div>\n\t\t\t\t<\/div>\n\t\t\t\t<div class=\"elementor-element elementor-element-3252bb1 elementor-widget-divider--view-line elementor-widget elementor-widget-divider\" data-id=\"3252bb1\" data-element_type=\"widget\" data-e-type=\"widget\" data-widget_type=\"divider.default\">\n\t\t\t\t<div class=\"elementor-widget-container\">\n\t\t\t\t\t\t\t<div class=\"elementor-divider\">\n\t\t\t<span class=\"elementor-divider-separator\">\n\t\t\t\t\t\t<\/span>\n\t\t<\/div>\n\t\t\t\t\t\t<\/div>\n\t\t\t\t<\/div>\n\t\t\t\t<div class=\"elementor-element elementor-element-6dd01ef elementor-widget elementor-widget-spacer\" data-id=\"6dd01ef\" data-element_type=\"widget\" data-e-type=\"widget\" data-widget_type=\"spacer.default\">\n\t\t\t\t<div class=\"elementor-widget-container\">\n\t\t\t\t\t\t\t<div class=\"elementor-spacer\">\n\t\t\t<div class=\"elementor-spacer-inner\"><\/div>\n\t\t<\/div>\n\t\t\t\t\t\t<\/div>\n\t\t\t\t<\/div>\n\t\t\t\t<div class=\"elementor-element elementor-element-4326096 elementor-widget elementor-widget-text-editor\" data-id=\"4326096\" data-element_type=\"widget\" data-e-type=\"widget\" data-widget_type=\"text-editor.default\">\n\t\t\t\t<div class=\"elementor-widget-container\">\n\t\t\t\t\t\t\t\t\t<p>RSR on loodud \u00fcli\u00f5pilaste poolt ning nende jaoks;<\/p>\n<p align=\"justify\">RSR-i eesm\u00e4rgiks on \u00fchendada v\u00e4lispoliitikast huvitatud tudengeid;<\/p>\n<p align=\"justify\">RSR-is k\u00e4sitletava teemavaliku kriteeriumideks on mitmek\u00fclgsus, aktuaalsus ning laiahaardelisus;<\/p>\n<p align=\"justify\">RSR on \u00fclikooli valdkondade \u00fclene \u00fchendus;<\/p>\n<p align=\"justify\">RSR kaasab v\u00e4lis\u00fcli\u00f5pilasi ning v\u00f5\u00f5rkeelseid lektoreid;<\/p>\n<p align=\"justify\">RSR j\u00e4rgib akadeemiliste tudengi\u00fchenduste v\u00e4ljakujunenud tavasid ning edendab v\u00f5imalusel \u00fcli\u00f5pilasliitude vahelisi suhteid;<\/p>\n<p align=\"justify\">RSR kasutab oma tegevuses mitmek\u00fclgseid suunitlusi (loengu\u00f5htud, kirjanduslik v\u00e4ljund, raadiosaated, v\u00e4ljas\u00f5idud jms), mille \u00fcheks eesm\u00e4rgiks on juurutada liikmeskonna seas esinemiskogemust ning edendada v\u00e4itlushimu;<\/p>\n<p align=\"justify\">RSR-i liikmeskond p\u00f5hineb vabatahtlikkusel ning on avatud esmajoones tudengitele;<\/p>\n<p align=\"justify\">RSR-i j\u00e4rjepidevuse tagavad juhatus, akadeemiline juhendaja ning V\u00e4ikese Ringi tegevliikmed;<\/p>\n<p align=\"justify\">RSR-i juhatus koosneb presidendist ning asepresidetidest;<\/p>\n<p align=\"justify\">RSR-i presidendi ja asepresidendid valib V\u00e4ike Ring salajasel h\u00e4\u00e4letusel, valituks osutuvad lihth\u00e4\u00e4lteenamuse saanud kandidaadid;<\/p>\n<p align=\"justify\">RSR-i akadeemiline juhendaja ning vilistlaskogu juhatus m\u00e4\u00e4ratakse RSR-i \u00fcldkogul RSR-i vilistlaste seas l\u00e4bi viidava vastava h\u00e4\u00e4letuse alusel.<\/p>\t\t\t\t\t\t\t\t<\/div>\n\t\t\t\t<\/div>\n\t\t\t\t<div class=\"elementor-element elementor-element-7f30d4a elementor-widget elementor-widget-spacer\" data-id=\"7f30d4a\" data-element_type=\"widget\" data-e-type=\"widget\" data-widget_type=\"spacer.default\">\n\t\t\t\t<div class=\"elementor-widget-container\">\n\t\t\t\t\t\t\t<div class=\"elementor-spacer\">\n\t\t\t<div class=\"elementor-spacer-inner\"><\/div>\n\t\t<\/div>\n\t\t\t\t\t\t<\/div>\n\t\t\t\t<\/div>\n\t\t\t\t\t<\/div>\n\t\t<\/div>\n\t\t\t\t\t<\/div>\n\t\t<\/section>\n\t\t\t\t<\/div>","protected":false},"excerpt":{"rendered":"<p>Tutvustus Rahvusvaheliste&nbsp;Suhete&nbsp;Ring, RSR, on Tartu \u00dclikooli juures tegutsev organisatsioon, mis loodi 7. oktoobril 1963. RSR-i liikmeskond koosneb erinevatest teaduskondadest ja erialadest tulnud \u00fcli\u00f5pilastest, kes jagavad huvi poliitmaastikul toimuva vastu. Liikmed RSR-i Suures ja V\u00e4ikeses Ringis on erinevatest teaduskondadest ja mitmetelt erialadelt. Samuti kirjutatatakse rahvusvaheliste suhete teemalisi poliitmemosid ning m\u00f5tteavaldusi. Lisaks korraldab RSR igal kevadel T\u00dc [&hellip;]<\/p>\n","protected":false},"author":3,"featured_media":0,"parent":0,"menu_order":0,"comment_status":"closed","ping_status":"closed","template":"","meta":{"site-sidebar-layout":"no-sidebar","site-content-layout":"page-builder","ast-site-content-layout":"","site-content-style":"default","site-sidebar-style":"default","ast-global-header-display":"","ast-banner-title-visibility":"","ast-main-header-display":"","ast-hfb-above-header-display":"","ast-hfb-below-header-display":"","ast-hfb-mobile-header-display":"","site-post-title":"disabled","ast-breadcrumbs-content":"","ast-featured-img":"disabled","footer-sml-layout":"","theme-transparent-header-meta":"","adv-header-id-meta":"","stick-header-meta":"","header-above-stick-meta":"","header-main-stick-meta":"","header-below-stick-meta":"","astra-migrate-meta-layouts":"default","ast-page-background-enabled":"default","ast-page-background-meta":{"desktop":{"background-color":"","background-image":"","background-repeat":"repeat","background-position":"center center","background-size":"auto","background-attachment":"scroll","background-type":"","background-media":"","overlay-type":"","overlay-color":"","overlay-opacity":"","overlay-gradient":""},"tablet":{"background-color":"","background-image":"","background-repeat":"repeat","background-position":"center center","background-size":"auto","background-attachment":"scroll","background-type":"","background-media":"","overlay-type":"","overlay-color":"","overlay-opacity":"","overlay-gradient":""},"mobile":{"background-color":"","background-image":"","background-repeat":"repeat","background-position":"center center","background-size":"auto","background-attachment":"scroll","background-type":"","background-media":"","overlay-type":"","overlay-color":"","overlay-opacity":"","overlay-gradient":""}},"ast-content-background-meta":{"desktop":{"background-color":"var(--ast-global-color-5)","background-image":"","background-repeat":"repeat","background-position":"center center","background-size":"auto","background-attachment":"scroll","background-type":"","background-media":"","overlay-type":"","overlay-color":"","overlay-opacity":"","overlay-gradient":""},"tablet":{"background-color":"var(--ast-global-color-5)","background-image":"","background-repeat":"repeat","background-position":"center center","background-size":"auto","background-attachment":"scroll","background-type":"","background-media":"","overlay-type":"","overlay-color":"","overlay-opacity":"","overlay-gradient":""},"mobile":{"background-color":"var(--ast-global-color-5)","background-image":"","background-repeat":"repeat","background-position":"center center","background-size":"auto","background-attachment":"scroll","background-type":"","background-media":"","overlay-type":"","overlay-color":"","overlay-opacity":"","overlay-gradient":""}},"footnotes":""},"class_list":["post-3336","page","type-page","status-publish","hentry"],"_links":{"self":[{"href":"https:\/\/www.rsr.ut.ee\/en\/wp-json\/wp\/v2\/pages\/3336","targetHints":{"allow":["GET"]}}],"collection":[{"href":"https:\/\/www.rsr.ut.ee\/en\/wp-json\/wp\/v2\/pages"}],"about":[{"href":"https:\/\/www.rsr.ut.ee\/en\/wp-json\/wp\/v2\/types\/page"}],"author":[{"embeddable":true,"href":"https:\/\/www.rsr.ut.ee\/en\/wp-json\/wp\/v2\/users\/3"}],"replies":[{"embeddable":true,"href":"https:\/\/www.rsr.ut.ee\/en\/wp-json\/wp\/v2\/comments?post=3336"}],"version-history":[{"count":0,"href":"https:\/\/www.rsr.ut.ee\/en\/wp-json\/wp\/v2\/pages\/3336\/revisions"}],"wp:attachment":[{"href":"https:\/\/www.rsr.ut.ee\/en\/wp-json\/wp\/v2\/media?parent=3336"}],"curies":[{"name":"wp","href":"https:\/\/api.w.org\/{rel}","templated":true}]}}