{"id":12859,"date":"2024-02-13T22:48:12","date_gmt":"2024-02-13T20:48:12","guid":{"rendered":"https:\/\/rsr.ut.ee\/loengud\/2023a-copy\/"},"modified":"2024-02-13T22:49:27","modified_gmt":"2024-02-13T20:49:27","slug":"2024a","status":"publish","type":"page","link":"https:\/\/www.rsr.ut.ee\/en\/loengud\/2024a\/","title":{"rendered":"2024a"},"content":{"rendered":"<div data-elementor-type=\"wp-page\" data-elementor-id=\"12859\" class=\"elementor elementor-12859\" data-elementor-post-type=\"page\">\n\t\t\t\t\t\t<section class=\"elementor-section elementor-top-section elementor-element elementor-element-c0e3962 elementor-section-full_width elementor-section-height-default elementor-section-height-default\" data-id=\"c0e3962\" data-element_type=\"section\" data-e-type=\"section\">\n\t\t\t\t\t\t<div class=\"elementor-container elementor-column-gap-no\">\n\t\t\t\t\t<div class=\"elementor-column elementor-col-100 elementor-top-column elementor-element elementor-element-7c6cc7a\" data-id=\"7c6cc7a\" data-element_type=\"column\" data-e-type=\"column\">\n\t\t\t<div class=\"elementor-widget-wrap elementor-element-populated\">\n\t\t\t\t\t\t<div class=\"elementor-element elementor-element-ec69d5b elementor-widget elementor-widget-spacer\" data-id=\"ec69d5b\" data-element_type=\"widget\" data-e-type=\"widget\" data-widget_type=\"spacer.default\">\n\t\t\t\t<div class=\"elementor-widget-container\">\n\t\t\t\t\t\t\t<div class=\"elementor-spacer\">\n\t\t\t<div class=\"elementor-spacer-inner\"><\/div>\n\t\t<\/div>\n\t\t\t\t\t\t<\/div>\n\t\t\t\t<\/div>\n\t\t\t\t<div class=\"elementor-element elementor-element-2725eb0 elementor-widget-divider--view-line elementor-widget elementor-widget-divider\" data-id=\"2725eb0\" data-element_type=\"widget\" data-e-type=\"widget\" data-widget_type=\"divider.default\">\n\t\t\t\t<div class=\"elementor-widget-container\">\n\t\t\t\t\t\t\t<div class=\"elementor-divider\">\n\t\t\t<span class=\"elementor-divider-separator\">\n\t\t\t\t\t\t<\/span>\n\t\t<\/div>\n\t\t\t\t\t\t<\/div>\n\t\t\t\t<\/div>\n\t\t\t\t\t<\/div>\n\t\t<\/div>\n\t\t\t\t\t<\/div>\n\t\t<\/section>\n\t\t\t\t<section class=\"elementor-section elementor-top-section elementor-element elementor-element-f9a7f85 elementor-section-full_width elementor-section-height-default elementor-section-height-default\" data-id=\"f9a7f85\" data-element_type=\"section\" data-e-type=\"section\">\n\t\t\t\t\t\t<div class=\"elementor-container elementor-column-gap-no\">\n\t\t\t\t\t<div class=\"elementor-column elementor-col-100 elementor-top-column elementor-element elementor-element-a457741\" data-id=\"a457741\" data-element_type=\"column\" data-e-type=\"column\">\n\t\t\t<div class=\"elementor-widget-wrap elementor-element-populated\">\n\t\t\t\t\t\t<div class=\"elementor-element elementor-element-9d70094 elementor-widget elementor-widget-heading\" data-id=\"9d70094\" data-element_type=\"widget\" data-e-type=\"widget\" data-widget_type=\"heading.default\">\n\t\t\t\t<div class=\"elementor-widget-container\">\n\t\t\t\t\t<h2 class=\"elementor-heading-title elementor-size-default\">2024<\/h2>\t\t\t\t<\/div>\n\t\t\t\t<\/div>\n\t\t\t\t\t<\/div>\n\t\t<\/div>\n\t\t\t\t\t<\/div>\n\t\t<\/section>\n\t\t\t\t<section class=\"elementor-section elementor-top-section elementor-element elementor-element-ff13774 elementor-section-full_width elementor-section-height-default elementor-section-height-default\" data-id=\"ff13774\" data-element_type=\"section\" data-e-type=\"section\">\n\t\t\t\t\t\t<div class=\"elementor-container elementor-column-gap-no\">\n\t\t\t\t\t<div class=\"elementor-column elementor-col-100 elementor-top-column elementor-element elementor-element-793bf83\" data-id=\"793bf83\" data-element_type=\"column\" data-e-type=\"column\">\n\t\t\t<div class=\"elementor-widget-wrap elementor-element-populated\">\n\t\t\t\t\t\t<div class=\"elementor-element elementor-element-5e02ccd elementor-widget-divider--view-line elementor-widget elementor-widget-divider\" data-id=\"5e02ccd\" data-element_type=\"widget\" data-e-type=\"widget\" data-widget_type=\"divider.default\">\n\t\t\t\t<div class=\"elementor-widget-container\">\n\t\t\t\t\t\t\t<div class=\"elementor-divider\">\n\t\t\t<span class=\"elementor-divider-separator\">\n\t\t\t\t\t\t<\/span>\n\t\t<\/div>\n\t\t\t\t\t\t<\/div>\n\t\t\t\t<\/div>\n\t\t\t\t<div class=\"elementor-element elementor-element-55c7547 elementor-widget elementor-widget-spacer\" data-id=\"55c7547\" data-element_type=\"widget\" data-e-type=\"widget\" data-widget_type=\"spacer.default\">\n\t\t\t\t<div class=\"elementor-widget-container\">\n\t\t\t\t\t\t\t<div class=\"elementor-spacer\">\n\t\t\t<div class=\"elementor-spacer-inner\"><\/div>\n\t\t<\/div>\n\t\t\t\t\t\t<\/div>\n\t\t\t\t<\/div>\n\t\t\t\t\t<\/div>\n\t\t<\/div>\n\t\t\t\t\t<\/div>\n\t\t<\/section>\n\t\t\t\t<section class=\"elementor-section elementor-top-section elementor-element elementor-element-67059f2 elementor-section-full_width elementor-section-height-default elementor-section-height-default\" data-id=\"67059f2\" data-element_type=\"section\" data-e-type=\"section\">\n\t\t\t\t\t\t<div class=\"elementor-container elementor-column-gap-no\">\n\t\t\t\t\t<div class=\"elementor-column elementor-col-100 elementor-top-column elementor-element elementor-element-bf14c42\" data-id=\"bf14c42\" data-element_type=\"column\" data-e-type=\"column\">\n\t\t\t<div class=\"elementor-widget-wrap elementor-element-populated\">\n\t\t\t\t\t\t<section class=\"elementor-section elementor-inner-section elementor-element elementor-element-c464959 elementor-section-full_width elementor-section-height-default elementor-section-height-default\" data-id=\"c464959\" data-element_type=\"section\" data-e-type=\"section\" data-settings=\"{&quot;background_background&quot;:&quot;classic&quot;}\">\n\t\t\t\t\t\t<div class=\"elementor-container elementor-column-gap-no\">\n\t\t\t\t\t<div class=\"elementor-column elementor-col-100 elementor-inner-column elementor-element elementor-element-178600f\" data-id=\"178600f\" data-element_type=\"column\" data-e-type=\"column\">\n\t\t\t<div class=\"elementor-widget-wrap elementor-element-populated\">\n\t\t\t\t\t\t<div class=\"elementor-element elementor-element-793682e elementor-grid-1 elementor-posts--thumbnail-left elementor-posts--align-left elementor-grid-tablet-2 elementor-grid-mobile-1 elementor-widget elementor-widget-posts\" data-id=\"793682e\" data-element_type=\"widget\" data-e-type=\"widget\" data-settings=\"{&quot;classic_columns&quot;:&quot;1&quot;,&quot;classic_row_gap&quot;:{&quot;unit&quot;:&quot;px&quot;,&quot;size&quot;:15,&quot;sizes&quot;:[]},&quot;pagination_type&quot;:&quot;numbers_and_prev_next&quot;,&quot;classic_columns_tablet&quot;:&quot;2&quot;,&quot;classic_columns_mobile&quot;:&quot;1&quot;,&quot;classic_row_gap_tablet&quot;:{&quot;unit&quot;:&quot;px&quot;,&quot;size&quot;:&quot;&quot;,&quot;sizes&quot;:[]},&quot;classic_row_gap_mobile&quot;:{&quot;unit&quot;:&quot;px&quot;,&quot;size&quot;:&quot;&quot;,&quot;sizes&quot;:[]}}\" data-widget_type=\"posts.classic\">\n\t\t\t\t<div class=\"elementor-widget-container\">\n\t\t\t\t\t\t\t<div class=\"elementor-posts-container elementor-posts elementor-posts--skin-classic elementor-grid\" role=\"list\">\n\t\t\t\t<article class=\"elementor-post elementor-grid-item post-14653 post type-post status-publish format-standard has-post-thumbnail hentry category-loengud category-109\" role=\"listitem\">\n\t\t\t\t<a class=\"elementor-post__thumbnail__link\" href=\"https:\/\/www.rsr.ut.ee\/en\/loengud\/2024\/14653\/\" tabindex=\"-1\" >\n\t\t\t<div class=\"elementor-post__thumbnail\"><img fetchpriority=\"high\" decoding=\"async\" width=\"1920\" height=\"1080\" src=\"https:\/\/www.rsr.ut.ee\/wp-content\/uploads\/2024\/12\/26.11.2024.jpg\" class=\"attachment-full size-full wp-image-14654\" alt=\"\" srcset=\"https:\/\/www.rsr.ut.ee\/wp-content\/uploads\/2024\/12\/26.11.2024.jpg 1920w, https:\/\/www.rsr.ut.ee\/wp-content\/uploads\/2024\/12\/26.11.2024-300x169.jpg 300w, https:\/\/www.rsr.ut.ee\/wp-content\/uploads\/2024\/12\/26.11.2024-1024x576.jpg 1024w, https:\/\/www.rsr.ut.ee\/wp-content\/uploads\/2024\/12\/26.11.2024-768x432.jpg 768w, https:\/\/www.rsr.ut.ee\/wp-content\/uploads\/2024\/12\/26.11.2024-1536x864.jpg 1536w\" sizes=\"(max-width: 1920px) 100vw, 1920px\" \/><\/div>\n\t\t<\/a>\n\t\t\t\t<div class=\"elementor-post__text\">\n\t\t\t\t<h3 class=\"elementor-post__title\">\n\t\t\t<a href=\"https:\/\/www.rsr.ut.ee\/en\/loengud\/2024\/14653\/\" >\n\t\t\t\tHelga Kalm \u2013 Mida oodata USA uuelt administratsioonilt?\t\t\t<\/a>\n\t\t<\/h3>\n\t\t\t\t<\/div>\n\t\t\t\t<\/article>\n\t\t\t\t<article class=\"elementor-post elementor-grid-item post-14649 post type-post status-publish format-standard has-post-thumbnail hentry category-loengud category-109\" role=\"listitem\">\n\t\t\t\t<a class=\"elementor-post__thumbnail__link\" href=\"https:\/\/www.rsr.ut.ee\/en\/loengud\/2024\/raul-eamets-euroopa-majandus-globaalses-konkurentsis\/\" tabindex=\"-1\" >\n\t\t\t<div class=\"elementor-post__thumbnail\"><img decoding=\"async\" width=\"1920\" height=\"1080\" src=\"https:\/\/www.rsr.ut.ee\/wp-content\/uploads\/2024\/11\/hoone.jpg\" class=\"attachment-full size-full wp-image-14650\" alt=\"\" srcset=\"https:\/\/www.rsr.ut.ee\/wp-content\/uploads\/2024\/11\/hoone.jpg 1920w, https:\/\/www.rsr.ut.ee\/wp-content\/uploads\/2024\/11\/hoone-300x169.jpg 300w, https:\/\/www.rsr.ut.ee\/wp-content\/uploads\/2024\/11\/hoone-1024x576.jpg 1024w, https:\/\/www.rsr.ut.ee\/wp-content\/uploads\/2024\/11\/hoone-768x432.jpg 768w, https:\/\/www.rsr.ut.ee\/wp-content\/uploads\/2024\/11\/hoone-1536x864.jpg 1536w\" sizes=\"(max-width: 1920px) 100vw, 1920px\" \/><\/div>\n\t\t<\/a>\n\t\t\t\t<div class=\"elementor-post__text\">\n\t\t\t\t<h3 class=\"elementor-post__title\">\n\t\t\t<a href=\"https:\/\/www.rsr.ut.ee\/en\/loengud\/2024\/raul-eamets-euroopa-majandus-globaalses-konkurentsis\/\" >\n\t\t\t\tRaul Eamets \u2013 Euroopa majandus globaalses konkurentsis\t\t\t<\/a>\n\t\t<\/h3>\n\t\t\t\t<\/div>\n\t\t\t\t<\/article>\n\t\t\t\t<article class=\"elementor-post elementor-grid-item post-14641 post type-post status-publish format-standard has-post-thumbnail hentry category-loengud category-109\" role=\"listitem\">\n\t\t\t\t<a class=\"elementor-post__thumbnail__link\" href=\"https:\/\/www.rsr.ut.ee\/en\/loengud\/2024\/lahis-ida-ebastabiilsus-ja-piirkondlike-uhiskondade-kohanemisvoime\/\" tabindex=\"-1\" >\n\t\t\t<div class=\"elementor-post__thumbnail\"><img decoding=\"async\" width=\"1920\" height=\"1005\" src=\"https:\/\/www.rsr.ut.ee\/wp-content\/uploads\/2024\/11\/Page-1.jpg\" class=\"attachment-full size-full wp-image-14642\" alt=\"\" srcset=\"https:\/\/www.rsr.ut.ee\/wp-content\/uploads\/2024\/11\/Page-1.jpg 1920w, https:\/\/www.rsr.ut.ee\/wp-content\/uploads\/2024\/11\/Page-1-300x157.jpg 300w, https:\/\/www.rsr.ut.ee\/wp-content\/uploads\/2024\/11\/Page-1-1024x536.jpg 1024w, https:\/\/www.rsr.ut.ee\/wp-content\/uploads\/2024\/11\/Page-1-768x402.jpg 768w, https:\/\/www.rsr.ut.ee\/wp-content\/uploads\/2024\/11\/Page-1-1536x804.jpg 1536w\" sizes=\"(max-width: 1920px) 100vw, 1920px\" \/><\/div>\n\t\t<\/a>\n\t\t\t\t<div class=\"elementor-post__text\">\n\t\t\t\t<h3 class=\"elementor-post__title\">\n\t\t\t<a href=\"https:\/\/www.rsr.ut.ee\/en\/loengud\/2024\/lahis-ida-ebastabiilsus-ja-piirkondlike-uhiskondade-kohanemisvoime\/\" >\n\t\t\t\tKristi Ockba \u2013 L\u00e4his-Ida ebastabiilsus ja piirkondlike \u00fchiskondade kohanemisv\u00f5ime\t\t\t<\/a>\n\t\t<\/h3>\n\t\t\t\t<\/div>\n\t\t\t\t<\/article>\n\t\t\t\t<article class=\"elementor-post elementor-grid-item post-14516 post type-post status-publish format-standard has-post-thumbnail hentry category-loengud category-109\" role=\"listitem\">\n\t\t\t\t<a class=\"elementor-post__thumbnail__link\" href=\"https:\/\/www.rsr.ut.ee\/en\/loengud\/2024\/ruth-sisask-uro-rollist-maailmarahu-tagajana-immanuel-kanti-rahuteooria-kaudu\/\" tabindex=\"-1\" >\n\t\t\t<div class=\"elementor-post__thumbnail\"><img loading=\"lazy\" decoding=\"async\" width=\"1920\" height=\"1080\" src=\"https:\/\/www.rsr.ut.ee\/wp-content\/uploads\/2024\/09\/24.09.2024.jpg\" class=\"attachment-full size-full wp-image-14519\" alt=\"\" srcset=\"https:\/\/www.rsr.ut.ee\/wp-content\/uploads\/2024\/09\/24.09.2024.jpg 1920w, https:\/\/www.rsr.ut.ee\/wp-content\/uploads\/2024\/09\/24.09.2024-300x169.jpg 300w, https:\/\/www.rsr.ut.ee\/wp-content\/uploads\/2024\/09\/24.09.2024-1024x576.jpg 1024w, https:\/\/www.rsr.ut.ee\/wp-content\/uploads\/2024\/09\/24.09.2024-768x432.jpg 768w, https:\/\/www.rsr.ut.ee\/wp-content\/uploads\/2024\/09\/24.09.2024-1536x864.jpg 1536w\" sizes=\"(max-width: 1920px) 100vw, 1920px\" \/><\/div>\n\t\t<\/a>\n\t\t\t\t<div class=\"elementor-post__text\">\n\t\t\t\t<h3 class=\"elementor-post__title\">\n\t\t\t<a href=\"https:\/\/www.rsr.ut.ee\/en\/loengud\/2024\/ruth-sisask-uro-rollist-maailmarahu-tagajana-immanuel-kanti-rahuteooria-kaudu\/\" >\n\t\t\t\tRuth Sisask \u2013 \u00dcRO rollist maailmarahu tagajana Immanuel Kanti rahuteooria kaudu\t\t\t<\/a>\n\t\t<\/h3>\n\t\t\t\t<\/div>\n\t\t\t\t<\/article>\n\t\t\t\t<article class=\"elementor-post elementor-grid-item post-14512 post type-post status-publish format-standard has-post-thumbnail hentry category-loengud category-109\" role=\"listitem\">\n\t\t\t\t<a class=\"elementor-post__thumbnail__link\" href=\"https:\/\/www.rsr.ut.ee\/en\/loengud\/2024\/vootele-pai-mis-juhtus-prantsusmaa-sisepoliitikas\/\" tabindex=\"-1\" >\n\t\t\t<div class=\"elementor-post__thumbnail\"><img loading=\"lazy\" decoding=\"async\" width=\"1920\" height=\"1080\" src=\"https:\/\/www.rsr.ut.ee\/wp-content\/uploads\/2024\/09\/17.09.2024.png\" class=\"attachment-full size-full wp-image-14513\" alt=\"\" srcset=\"https:\/\/www.rsr.ut.ee\/wp-content\/uploads\/2024\/09\/17.09.2024.png 1920w, https:\/\/www.rsr.ut.ee\/wp-content\/uploads\/2024\/09\/17.09.2024-300x169.png 300w, https:\/\/www.rsr.ut.ee\/wp-content\/uploads\/2024\/09\/17.09.2024-1024x576.png 1024w, https:\/\/www.rsr.ut.ee\/wp-content\/uploads\/2024\/09\/17.09.2024-768x432.png 768w, https:\/\/www.rsr.ut.ee\/wp-content\/uploads\/2024\/09\/17.09.2024-1536x864.png 1536w\" sizes=\"(max-width: 1920px) 100vw, 1920px\" \/><\/div>\n\t\t<\/a>\n\t\t\t\t<div class=\"elementor-post__text\">\n\t\t\t\t<h3 class=\"elementor-post__title\">\n\t\t\t<a href=\"https:\/\/www.rsr.ut.ee\/en\/loengud\/2024\/vootele-pai-mis-juhtus-prantsusmaa-sisepoliitikas\/\" >\n\t\t\t\tVootele P\u00e4i \u2013 mis juhtus Prantsusmaa sisepoliitikas\t\t\t<\/a>\n\t\t<\/h3>\n\t\t\t\t<\/div>\n\t\t\t\t<\/article>\n\t\t\t\t<article class=\"elementor-post elementor-grid-item post-14509 post type-post status-publish format-standard has-post-thumbnail hentry category-loengud category-109 category-uncategorized\" role=\"listitem\">\n\t\t\t\t<a class=\"elementor-post__thumbnail__link\" href=\"https:\/\/www.rsr.ut.ee\/en\/uncategorized\/2024\/toomas-hendrik-ilves-eesti-tee-natosse-ja-alliansi-tulevikuperspektiiv\/\" tabindex=\"-1\" >\n\t\t\t<div class=\"elementor-post__thumbnail\"><img loading=\"lazy\" decoding=\"async\" width=\"1920\" height=\"1080\" src=\"https:\/\/www.rsr.ut.ee\/wp-content\/uploads\/2024\/09\/10.09.2024.png\" class=\"attachment-full size-full wp-image-14510\" alt=\"\" srcset=\"https:\/\/www.rsr.ut.ee\/wp-content\/uploads\/2024\/09\/10.09.2024.png 1920w, https:\/\/www.rsr.ut.ee\/wp-content\/uploads\/2024\/09\/10.09.2024-300x169.png 300w, https:\/\/www.rsr.ut.ee\/wp-content\/uploads\/2024\/09\/10.09.2024-1024x576.png 1024w, https:\/\/www.rsr.ut.ee\/wp-content\/uploads\/2024\/09\/10.09.2024-768x432.png 768w, https:\/\/www.rsr.ut.ee\/wp-content\/uploads\/2024\/09\/10.09.2024-1536x864.png 1536w\" sizes=\"(max-width: 1920px) 100vw, 1920px\" \/><\/div>\n\t\t<\/a>\n\t\t\t\t<div class=\"elementor-post__text\">\n\t\t\t\t<h3 class=\"elementor-post__title\">\n\t\t\t<a href=\"https:\/\/www.rsr.ut.ee\/en\/uncategorized\/2024\/toomas-hendrik-ilves-eesti-tee-natosse-ja-alliansi-tulevikuperspektiiv\/\" >\n\t\t\t\tToomas Hendrik Ilves \u2013 Eesti tee NATOsse ja alliansi tulevikuperspektiiv\t\t\t<\/a>\n\t\t<\/h3>\n\t\t\t\t<\/div>\n\t\t\t\t<\/article>\n\t\t\t\t<article class=\"elementor-post elementor-grid-item post-14041 post type-post status-publish format-standard has-post-thumbnail hentry category-loengud category-109\" role=\"listitem\">\n\t\t\t\t<a class=\"elementor-post__thumbnail__link\" href=\"https:\/\/www.rsr.ut.ee\/en\/loengud\/2024\/edith-sepp-film-kui-vahend-rahvusvahelistes-suhetes-eesti-filmi-naitel\/\" tabindex=\"-1\" >\n\t\t\t<div class=\"elementor-post__thumbnail\"><img loading=\"lazy\" decoding=\"async\" width=\"1920\" height=\"1080\" src=\"https:\/\/www.rsr.ut.ee\/wp-content\/uploads\/2024\/04\/02.04.2024.png\" class=\"attachment-full size-full wp-image-14045\" alt=\"\" srcset=\"https:\/\/www.rsr.ut.ee\/wp-content\/uploads\/2024\/04\/02.04.2024.png 1920w, https:\/\/www.rsr.ut.ee\/wp-content\/uploads\/2024\/04\/02.04.2024-300x169.png 300w, https:\/\/www.rsr.ut.ee\/wp-content\/uploads\/2024\/04\/02.04.2024-1024x576.png 1024w, https:\/\/www.rsr.ut.ee\/wp-content\/uploads\/2024\/04\/02.04.2024-768x432.png 768w, https:\/\/www.rsr.ut.ee\/wp-content\/uploads\/2024\/04\/02.04.2024-1536x864.png 1536w\" sizes=\"(max-width: 1920px) 100vw, 1920px\" \/><\/div>\n\t\t<\/a>\n\t\t\t\t<div class=\"elementor-post__text\">\n\t\t\t\t<h3 class=\"elementor-post__title\">\n\t\t\t<a href=\"https:\/\/www.rsr.ut.ee\/en\/loengud\/2024\/edith-sepp-film-kui-vahend-rahvusvahelistes-suhetes-eesti-filmi-naitel\/\" >\n\t\t\t\tEdith Sepp: Film kui vahend rahvusvahelistes suhetes: eesti filmi n\u00e4itel\t\t\t<\/a>\n\t\t<\/h3>\n\t\t\t\t<\/div>\n\t\t\t\t<\/article>\n\t\t\t\t<article class=\"elementor-post elementor-grid-item post-14031 post type-post status-publish format-standard has-post-thumbnail hentry category-loengud category-109\" role=\"listitem\">\n\t\t\t\t<a class=\"elementor-post__thumbnail__link\" href=\"https:\/\/www.rsr.ut.ee\/en\/loengud\/2024\/olaf-mertelsmann-kas-ida-euroopa-mahajaamus-on-majandusajalooline-fakt\/\" tabindex=\"-1\" >\n\t\t\t<div class=\"elementor-post__thumbnail\"><img loading=\"lazy\" decoding=\"async\" width=\"1920\" height=\"1080\" src=\"https:\/\/www.rsr.ut.ee\/wp-content\/uploads\/2024\/04\/26.03.2024.png\" class=\"attachment-full size-full wp-image-14033\" alt=\"\" srcset=\"https:\/\/www.rsr.ut.ee\/wp-content\/uploads\/2024\/04\/26.03.2024.png 1920w, https:\/\/www.rsr.ut.ee\/wp-content\/uploads\/2024\/04\/26.03.2024-300x169.png 300w, https:\/\/www.rsr.ut.ee\/wp-content\/uploads\/2024\/04\/26.03.2024-1024x576.png 1024w, https:\/\/www.rsr.ut.ee\/wp-content\/uploads\/2024\/04\/26.03.2024-768x432.png 768w, https:\/\/www.rsr.ut.ee\/wp-content\/uploads\/2024\/04\/26.03.2024-1536x864.png 1536w\" sizes=\"(max-width: 1920px) 100vw, 1920px\" \/><\/div>\n\t\t<\/a>\n\t\t\t\t<div class=\"elementor-post__text\">\n\t\t\t\t<h3 class=\"elementor-post__title\">\n\t\t\t<a href=\"https:\/\/www.rsr.ut.ee\/en\/loengud\/2024\/olaf-mertelsmann-kas-ida-euroopa-mahajaamus-on-majandusajalooline-fakt\/\" >\n\t\t\t\tOlaf Mertelsmann \u2013 Kas Ida-Euroopa mahaj\u00e4\u00e4mus on majandusajalooline fakt?\t\t\t<\/a>\n\t\t<\/h3>\n\t\t\t\t<\/div>\n\t\t\t\t<\/article>\n\t\t\t\t<article class=\"elementor-post elementor-grid-item post-14028 post type-post status-publish format-standard has-post-thumbnail hentry category-loengud category-109\" role=\"listitem\">\n\t\t\t\t<a class=\"elementor-post__thumbnail__link\" href=\"https:\/\/www.rsr.ut.ee\/en\/loengud\/2024\/andreas-kaju-ameerika-uhendriikide-poliitika-hetkeseis-ja-tulevased-presidendivalimised\/\" tabindex=\"-1\" >\n\t\t\t<div class=\"elementor-post__thumbnail\"><img loading=\"lazy\" decoding=\"async\" width=\"1920\" height=\"1080\" src=\"https:\/\/www.rsr.ut.ee\/wp-content\/uploads\/2024\/03\/19.03.2024.png\" class=\"attachment-full size-full wp-image-14029\" alt=\"\" srcset=\"https:\/\/www.rsr.ut.ee\/wp-content\/uploads\/2024\/03\/19.03.2024.png 1920w, https:\/\/www.rsr.ut.ee\/wp-content\/uploads\/2024\/03\/19.03.2024-300x169.png 300w, https:\/\/www.rsr.ut.ee\/wp-content\/uploads\/2024\/03\/19.03.2024-1024x576.png 1024w, https:\/\/www.rsr.ut.ee\/wp-content\/uploads\/2024\/03\/19.03.2024-768x432.png 768w, https:\/\/www.rsr.ut.ee\/wp-content\/uploads\/2024\/03\/19.03.2024-1536x864.png 1536w\" sizes=\"(max-width: 1920px) 100vw, 1920px\" \/><\/div>\n\t\t<\/a>\n\t\t\t\t<div class=\"elementor-post__text\">\n\t\t\t\t<h3 class=\"elementor-post__title\">\n\t\t\t<a href=\"https:\/\/www.rsr.ut.ee\/en\/loengud\/2024\/andreas-kaju-ameerika-uhendriikide-poliitika-hetkeseis-ja-tulevased-presidendivalimised\/\" >\n\t\t\t\tAndreas Kaju \u2013 Ameerika \u00dchendriikide poliitika hetkeseis ja tulevased presidendivalimised\t\t\t<\/a>\n\t\t<\/h3>\n\t\t\t\t<\/div>\n\t\t\t\t<\/article>\n\t\t\t\t<article class=\"elementor-post elementor-grid-item post-12874 post type-post status-publish format-standard has-post-thumbnail hentry category-loengud category-109\" role=\"listitem\">\n\t\t\t\t<a class=\"elementor-post__thumbnail__link\" href=\"https:\/\/www.rsr.ut.ee\/en\/loengud\/2024\/tonn-viik-rsr-is-orbani-ungari-oppetunnid-meile-ja-euroopale\/\" tabindex=\"-1\" >\n\t\t\t<div class=\"elementor-post__thumbnail\"><img loading=\"lazy\" decoding=\"async\" width=\"1920\" height=\"1080\" src=\"https:\/\/www.rsr.ut.ee\/wp-content\/uploads\/2024\/02\/20.02.24.png\" class=\"attachment-full size-full wp-image-12877\" alt=\"\" srcset=\"https:\/\/www.rsr.ut.ee\/wp-content\/uploads\/2024\/02\/20.02.24.png 1920w, https:\/\/www.rsr.ut.ee\/wp-content\/uploads\/2024\/02\/20.02.24-300x169.png 300w, https:\/\/www.rsr.ut.ee\/wp-content\/uploads\/2024\/02\/20.02.24-1024x576.png 1024w, https:\/\/www.rsr.ut.ee\/wp-content\/uploads\/2024\/02\/20.02.24-768x432.png 768w, https:\/\/www.rsr.ut.ee\/wp-content\/uploads\/2024\/02\/20.02.24-1536x864.png 1536w\" sizes=\"(max-width: 1920px) 100vw, 1920px\" \/><\/div>\n\t\t<\/a>\n\t\t\t\t<div class=\"elementor-post__text\">\n\t\t\t\t<h3 class=\"elementor-post__title\">\n\t\t\t<a href=\"https:\/\/www.rsr.ut.ee\/en\/loengud\/2024\/tonn-viik-rsr-is-orbani-ungari-oppetunnid-meile-ja-euroopale\/\" >\n\t\t\t\tT\u00f5nn Viik \u2013 Orb\u00e1ni Ungari: \u00d5ppetunnid meile ja Euroopale\t\t\t<\/a>\n\t\t<\/h3>\n\t\t\t\t<\/div>\n\t\t\t\t<\/article>\n\t\t\t\t<article class=\"elementor-post elementor-grid-item post-12855 post type-post status-publish format-standard has-post-thumbnail hentry category-loengud category-109\" role=\"listitem\">\n\t\t\t\t<a class=\"elementor-post__thumbnail__link\" href=\"https:\/\/www.rsr.ut.ee\/en\/loengud\/2024\/marko-mihkelson-rsr-is-maailma-muutuvate-sodade-ahel-ja-eesti-julgeolek\/\" tabindex=\"-1\" >\n\t\t\t<div class=\"elementor-post__thumbnail\"><img loading=\"lazy\" decoding=\"async\" width=\"1920\" height=\"1080\" src=\"https:\/\/www.rsr.ut.ee\/wp-content\/uploads\/2024\/02\/13.02.2024.png\" class=\"attachment-full size-full wp-image-12866\" alt=\"\" srcset=\"https:\/\/www.rsr.ut.ee\/wp-content\/uploads\/2024\/02\/13.02.2024.png 1920w, https:\/\/www.rsr.ut.ee\/wp-content\/uploads\/2024\/02\/13.02.2024-300x169.png 300w, https:\/\/www.rsr.ut.ee\/wp-content\/uploads\/2024\/02\/13.02.2024-1024x576.png 1024w, https:\/\/www.rsr.ut.ee\/wp-content\/uploads\/2024\/02\/13.02.2024-768x432.png 768w, https:\/\/www.rsr.ut.ee\/wp-content\/uploads\/2024\/02\/13.02.2024-1536x864.png 1536w\" sizes=\"(max-width: 1920px) 100vw, 1920px\" \/><\/div>\n\t\t<\/a>\n\t\t\t\t<div class=\"elementor-post__text\">\n\t\t\t\t<h3 class=\"elementor-post__title\">\n\t\t\t<a href=\"https:\/\/www.rsr.ut.ee\/en\/loengud\/2024\/marko-mihkelson-rsr-is-maailma-muutuvate-sodade-ahel-ja-eesti-julgeolek\/\" >\n\t\t\t\tMarko Mihkelson \u2013 Maailma muutuvate s\u00f5dade ahel ja Eesti julgeolek\t\t\t<\/a>\n\t\t<\/h3>\n\t\t\t\t<\/div>\n\t\t\t\t<\/article>\n\t\t\t\t<\/div>\n\t\t\n\t\t\t\t\t\t<\/div>\n\t\t\t\t<\/div>\n\t\t\t\t\t<\/div>\n\t\t<\/div>\n\t\t\t\t\t<\/div>\n\t\t<\/section>\n\t\t\t\t\t<\/div>\n\t\t<\/div>\n\t\t\t\t\t<\/div>\n\t\t<\/section>\n\t\t\t\t<\/div>","protected":false},"excerpt":{"rendered":"","protected":false},"author":3,"featured_media":0,"parent":162,"menu_order":0,"comment_status":"closed","ping_status":"closed","template":"elementor_header_footer","meta":{"site-sidebar-layout":"no-sidebar","site-content-layout":"page-builder","ast-site-content-layout":"full-width-container","site-content-style":"unboxed","site-sidebar-style":"unboxed","ast-global-header-display":"","ast-banner-title-visibility":"","ast-main-header-display":"","ast-hfb-above-header-display":"","ast-hfb-below-header-display":"","ast-hfb-mobile-header-display":"","site-post-title":"disabled","ast-breadcrumbs-content":"","ast-featured-img":"disabled","footer-sml-layout":"","theme-transparent-header-meta":"","adv-header-id-meta":"","stick-header-meta":"","header-above-stick-meta":"","header-main-stick-meta":"","header-below-stick-meta":"","astra-migrate-meta-layouts":"set","ast-page-background-enabled":"default","ast-page-background-meta":{"desktop":{"background-color":"","background-image":"","background-repeat":"repeat","background-position":"center center","background-size":"auto","background-attachment":"scroll","background-type":"","background-media":"","overlay-type":"","overlay-color":"","overlay-opacity":"","overlay-gradient":""},"tablet":{"background-color":"","background-image":"","background-repeat":"repeat","background-position":"center center","background-size":"auto","background-attachment":"scroll","background-type":"","background-media":"","overlay-type":"","overlay-color":"","overlay-opacity":"","overlay-gradient":""},"mobile":{"background-color":"","background-image":"","background-repeat":"repeat","background-position":"center center","background-size":"auto","background-attachment":"scroll","background-type":"","background-media":"","overlay-type":"","overlay-color":"","overlay-opacity":"","overlay-gradient":""}},"ast-content-background-meta":{"desktop":{"background-color":"var(--ast-global-color-5)","background-image":"","background-repeat":"repeat","background-position":"center center","background-size":"auto","background-attachment":"scroll","background-type":"","background-media":"","overlay-type":"","overlay-color":"","overlay-opacity":"","overlay-gradient":""},"tablet":{"background-color":"var(--ast-global-color-5)","background-image":"","background-repeat":"repeat","background-position":"center center","background-size":"auto","background-attachment":"scroll","background-type":"","background-media":"","overlay-type":"","overlay-color":"","overlay-opacity":"","overlay-gradient":""},"mobile":{"background-color":"var(--ast-global-color-5)","background-image":"","background-repeat":"repeat","background-position":"center center","background-size":"auto","background-attachment":"scroll","background-type":"","background-media":"","overlay-type":"","overlay-color":"","overlay-opacity":"","overlay-gradient":""}},"footnotes":""},"class_list":["post-12859","page","type-page","status-publish","hentry"],"_links":{"self":[{"href":"https:\/\/www.rsr.ut.ee\/en\/wp-json\/wp\/v2\/pages\/12859","targetHints":{"allow":["GET"]}}],"collection":[{"href":"https:\/\/www.rsr.ut.ee\/en\/wp-json\/wp\/v2\/pages"}],"about":[{"href":"https:\/\/www.rsr.ut.ee\/en\/wp-json\/wp\/v2\/types\/page"}],"author":[{"embeddable":true,"href":"https:\/\/www.rsr.ut.ee\/en\/wp-json\/wp\/v2\/users\/3"}],"replies":[{"embeddable":true,"href":"https:\/\/www.rsr.ut.ee\/en\/wp-json\/wp\/v2\/comments?post=12859"}],"version-history":[{"count":1,"href":"https:\/\/www.rsr.ut.ee\/en\/wp-json\/wp\/v2\/pages\/12859\/revisions"}],"predecessor-version":[{"id":14840,"href":"https:\/\/www.rsr.ut.ee\/en\/wp-json\/wp\/v2\/pages\/12859\/revisions\/14840"}],"up":[{"embeddable":true,"href":"https:\/\/www.rsr.ut.ee\/en\/wp-json\/wp\/v2\/pages\/162"}],"wp:attachment":[{"href":"https:\/\/www.rsr.ut.ee\/en\/wp-json\/wp\/v2\/media?parent=12859"}],"curies":[{"name":"wp","href":"https:\/\/api.w.org\/{rel}","templated":true}]}}